{"id":2376,"date":"2022-05-09T12:06:15","date_gmt":"2022-05-09T10:06:15","guid":{"rendered":"https:\/\/campingcignobianco.it\/?page_id=2376"},"modified":"2023-05-22T09:48:52","modified_gmt":"2023-05-22T07:48:52","slug":"ausfluege","status":"publish","type":"page","link":"https:\/\/campingcignobianco.it\/de\/ausfluege\/","title":{"rendered":"Ausfl\u00fcge"},"content":{"rendered":"<p><div class=\"fusion-fullwidth fullwidth-box fusion-builder-row-1 fusion-flex-container fusion-parallax-none hundred-percent-fullwidth non-hundred-percent-height-scrolling\" style=\"--awb-border-radius-top-left:0px;--awb-border-radius-top-right:0px;--awb-border-radius-bottom-right:0px;--awb-border-radius-bottom-left:0px;--awb-padding-top:200px;--awb-padding-bottom:200px;--awb-background-image:linear-gradient(180deg, rgba(0,0,0,0.35) 0%,rgba(0,0,0,0.35) 100%),url(https:\/\/campingcignobianco.it\/wp-content\/uploads\/2022\/03\/1489401538181.jpg);;--awb-background-size:cover;--awb-flex-wrap:wrap;--awb-filter:brightness(157%);--awb-filter-transition:filter 0.3s ease;--awb-filter-hover:brightness(100%);\" ><div class=\"fusion-builder-row fusion-row fusion-flex-align-items-center fusion-flex-content-wrap\" style=\"width:104% !important;max-width:104% !important;margin-left: calc(-4% \/ 2 );margin-right: calc(-4% \/ 2 );\"><div class=\"fusion-layout-column fusion_builder_column fusion-builder-column-0 fusion_builder_column_1_1 1_1 fusion-flex-column\" style=\"--awb-bg-size:cover;--awb-width-large:100%;--awb-margin-top-large:0px;--awb-spacing-right-large:1.92%;--awb-margin-bottom-large:20px;--awb-spacing-left-large:1.92%;--awb-width-medium:100%;--awb-order-medium:0;--awb-spacing-right-medium:1.92%;--awb-spacing-left-medium:1.92%;--awb-width-small:100%;--awb-order-small:0;--awb-spacing-right-small:1.92%;--awb-spacing-left-small:1.92%;\"><div class=\"fusion-column-wrapper fusion-column-has-shadow fusion-flex-justify-content-flex-start fusion-content-layout-column\"><div class=\"fusion-title title fusion-title-1 fusion-sep-none fusion-title-center fusion-title-text fusion-title-size-two\" style=\"--awb-text-color:var(--awb-color1);\"><h2 class=\"fusion-title-heading title-heading-center\" style=\"margin:0;\">Unser Territorium<\/h2><\/div><\/div><\/div><\/div><\/div><div class=\"fusion-fullwidth fullwidth-box fusion-builder-row-2 fusion-flex-container nonhundred-percent-fullwidth non-hundred-percent-height-scrolling\" style=\"--awb-border-radius-top-left:0px;--awb-border-radius-top-right:0px;--awb-border-radius-bottom-right:0px;--awb-border-radius-bottom-left:0px;--awb-padding-top:50px;--awb-padding-right:0px;--awb-padding-left:0px;--awb-background-color:var(--awb-color4);--awb-flex-wrap:wrap;\" ><div class=\"fusion-builder-row fusion-row fusion-flex-align-items-flex-start fusion-flex-content-wrap\" style=\"max-width:1352px;margin-left: calc(-4% \/ 2 );margin-right: calc(-4% \/ 2 );\"><div class=\"fusion-layout-column fusion_builder_column fusion-builder-column-1 fusion_builder_column_1_1 1_1 fusion-flex-column\" style=\"--awb-bg-size:cover;--awb-width-large:100%;--awb-margin-top-large:0px;--awb-spacing-right-large:1.92%;--awb-margin-bottom-large:0px;--awb-spacing-left-large:1.92%;--awb-width-medium:100%;--awb-order-medium:0;--awb-spacing-right-medium:1.92%;--awb-spacing-left-medium:1.92%;--awb-width-small:100%;--awb-order-small:0;--awb-spacing-right-small:1.92%;--awb-spacing-left-small:1.92%;\"><div class=\"fusion-column-wrapper fusion-column-has-shadow fusion-flex-justify-content-flex-start fusion-content-layout-column\"><div class=\"fusion-title title fusion-title-2 fusion-sep-none fusion-title-center fusion-title-text fusion-title-size-one\" style=\"--awb-font-size:35px;\"><h1 class=\"fusion-title-heading title-heading-center\" style=\"margin:0;font-size:1em;\">Entdecken Sie die Ogliastra und ihre Wunder<\/h1><\/div><div class=\"fusion-text fusion-text-1\" style=\"--awb-content-alignment:center;--awb-text-transform:none;--awb-margin-right:10%;--awb-margin-left:10%;\"><p>Die Ogliastra, ein Land von bezaubernder Sch\u00f6nheit, liegt an der Ostk\u00fcste von Sardinien. Das Gebiet zwischen den Gipfeln des Gennartentu und dem Tyrrhenischen Meer gilt als eines der landschaftlich sch\u00f6nsten der Insel. Die Ogliastra, die auch als Amphitheater am Meer bezeichnet wird, bietet zahlreiche Naturdenkm\u00e4ler, bezaubernde Str\u00e4nde und Routen f\u00fcr Trekking, Mountainbiking und Klettern.<\/p>\n<\/div><div class=\"fusion-separator fusion-full-width-sep\" style=\"align-self: center;margin-left: auto;margin-right: auto;margin-top:40px;width:100%;\"><\/div><div class=\"fusion-image-element fusion-no-small-visibility\" style=\"--awb-caption-title-font-family:var(--h2_typography-font-family);--awb-caption-title-font-weight:var(--h2_typography-font-weight);--awb-caption-title-font-style:var(--h2_typography-font-style);--awb-caption-title-size:var(--h2_typography-font-size);--awb-caption-title-transform:var(--h2_typography-text-transform);--awb-caption-title-line-height:var(--h2_typography-line-height);--awb-caption-title-letter-spacing:var(--h2_typography-letter-spacing);\"><span class=\" fusion-imageframe imageframe-none imageframe-1 hover-type-none\"><img decoding=\"async\" width=\"1968\" height=\"53\" title=\"Raggruppa 8\" src=\"https:\/\/campingcignobianco.it\/wp-content\/uploads\/2022\/02\/Raggruppa-8.png\" alt class=\"img-responsive wp-image-300\" srcset=\"https:\/\/campingcignobianco.it\/wp-content\/uploads\/2022\/02\/Raggruppa-8-200x5.png 200w, https:\/\/campingcignobianco.it\/wp-content\/uploads\/2022\/02\/Raggruppa-8-400x11.png 400w, https:\/\/campingcignobianco.it\/wp-content\/uploads\/2022\/02\/Raggruppa-8-600x16.png 600w, https:\/\/campingcignobianco.it\/wp-content\/uploads\/2022\/02\/Raggruppa-8-800x22.png 800w, https:\/\/campingcignobianco.it\/wp-content\/uploads\/2022\/02\/Raggruppa-8-1200x32.png 1200w, https:\/\/campingcignobianco.it\/wp-content\/uploads\/2022\/02\/Raggruppa-8.png 1968w\" sizes=\"(max-width: 640px) 100vw, 1968px\" \/><\/span><\/div><\/div><\/div><\/div><\/div><div class=\"fusion-fullwidth fullwidth-box fusion-builder-row-3 fusion-flex-container nonhundred-percent-fullwidth non-hundred-percent-height-scrolling\" style=\"--awb-border-radius-top-left:0px;--awb-border-radius-top-right:0px;--awb-border-radius-bottom-right:0px;--awb-border-radius-bottom-left:0px;--awb-padding-top:50px;--awb-padding-bottom:50px;--awb-flex-wrap:wrap;\" ><div class=\"fusion-builder-row fusion-row fusion-flex-align-items-flex-start fusion-flex-content-wrap\" style=\"max-width:1352px;margin-left: calc(-4% \/ 2 );margin-right: calc(-4% \/ 2 );\"><div class=\"fusion-layout-column fusion_builder_column fusion-builder-column-2 fusion_builder_column_1_2 1_2 fusion-flex-column\" style=\"--awb-bg-size:cover;--awb-width-large:50%;--awb-margin-top-large:0px;--awb-spacing-right-large:3.84%;--awb-margin-bottom-large:20px;--awb-spacing-left-large:3.84%;--awb-width-medium:50%;--awb-order-medium:0;--awb-spacing-right-medium:3.84%;--awb-spacing-left-medium:3.84%;--awb-width-small:100%;--awb-order-small:1;--awb-spacing-right-small:1.92%;--awb-spacing-left-small:1.92%;\"><div class=\"fusion-column-wrapper fusion-column-has-shadow fusion-flex-justify-content-flex-start fusion-content-layout-column\"><div class=\"fusion-image-element \" style=\"text-align:center;--awb-caption-title-font-family:var(--h2_typography-font-family);--awb-caption-title-font-weight:var(--h2_typography-font-weight);--awb-caption-title-font-style:var(--h2_typography-font-style);--awb-caption-title-size:var(--h2_typography-font-size);--awb-caption-title-transform:var(--h2_typography-text-transform);--awb-caption-title-line-height:var(--h2_typography-line-height);--awb-caption-title-letter-spacing:var(--h2_typography-letter-spacing);\"><span class=\" fusion-imageframe imageframe-none imageframe-2 hover-type-none\" style=\"border-radius:30px;\"><img decoding=\"async\" width=\"905\" height=\"600\" title=\"spiaggia-lido-di-orri\" src=\"https:\/\/campingcignobianco.it\/wp-content\/uploads\/2022\/10\/spiaggia-lido-di-orri.jpg\" alt class=\"img-responsive wp-image-3476\" srcset=\"https:\/\/campingcignobianco.it\/wp-content\/uploads\/2022\/10\/spiaggia-lido-di-orri-200x133.jpg 200w, https:\/\/campingcignobianco.it\/wp-content\/uploads\/2022\/10\/spiaggia-lido-di-orri-400x265.jpg 400w, https:\/\/campingcignobianco.it\/wp-content\/uploads\/2022\/10\/spiaggia-lido-di-orri-600x398.jpg 600w, https:\/\/campingcignobianco.it\/wp-content\/uploads\/2022\/10\/spiaggia-lido-di-orri-800x530.jpg 800w, https:\/\/campingcignobianco.it\/wp-content\/uploads\/2022\/10\/spiaggia-lido-di-orri.jpg 905w\" sizes=\"(max-width: 640px) 100vw, 800px\" \/><\/span><\/div><\/div><\/div><div class=\"fusion-layout-column fusion_builder_column fusion-builder-column-3 fusion_builder_column_1_2 1_2 fusion-flex-column\" style=\"--awb-bg-size:cover;--awb-width-large:50%;--awb-margin-top-large:0px;--awb-spacing-right-large:3.84%;--awb-margin-bottom-large:20px;--awb-spacing-left-large:3.84%;--awb-width-medium:50%;--awb-order-medium:0;--awb-spacing-right-medium:3.84%;--awb-spacing-left-medium:3.84%;--awb-width-small:100%;--awb-order-small:0;--awb-spacing-right-small:1.92%;--awb-spacing-left-small:1.92%;\"><div class=\"fusion-column-wrapper fusion-column-has-shadow fusion-flex-justify-content-flex-start fusion-content-layout-column\"><div class=\"fusion-title title fusion-title-3 fusion-sep-none fusion-title-text fusion-title-size-four\" style=\"--awb-text-color:var(--awb-color5);\"><h4 class=\"fusion-title-heading title-heading-left sm-text-align-center\" style=\"margin:0;\">Die bezaubernden Str\u00e4nde von Lido di Orr\u00ec<\/h4><\/div><div class=\"fusion-text fusion-text-2 sm-text-align-center\" style=\"--awb-text-transform:none;\"><p>Sardinien ist bekannt f\u00fcr seine herrlichen Str\u00e4nde und Tortol\u00ec kann sich r\u00fchmen, die meisten blauen Flaggen Sardiniens erhalten zu haben. Der Lido di Orr\u00ec ist mit seinem feinen Sand und dem kristallklaren Wasser der Ort, an dem Sie entspannte Tage mit Meer, Sonne und Sport verbringen k\u00f6nnen.<\/p>\n<\/div><div class=\"fusion-separator fusion-full-width-sep\" style=\"align-self: center;margin-left: auto;margin-right: auto;margin-top:20px;width:100%;\"><\/div><div class=\"sm-text-align-center\"><a class=\"fusion-button button-flat fusion-button-default-size button-default fusion-button-default button-1 fusion-button-default-span fusion-button-default-type\" target=\"_self\" href=\"https:\/\/campingcignobianco.it\/de\/strand-von-orri\/\"><span class=\"fusion-button-text\">Mehr Infos<\/span><\/a><\/div><\/div><\/div><div class=\"fusion-layout-column fusion_builder_column fusion-builder-column-4 fusion_builder_column_1_1 1_1 fusion-flex-column\" style=\"--awb-bg-size:cover;--awb-width-large:100%;--awb-margin-top-large:0px;--awb-spacing-right-large:1.92%;--awb-margin-bottom-large:20px;--awb-spacing-left-large:1.92%;--awb-width-medium:100%;--awb-order-medium:0;--awb-spacing-right-medium:1.92%;--awb-spacing-left-medium:1.92%;--awb-width-small:100%;--awb-order-small:2;--awb-spacing-right-small:1.92%;--awb-spacing-left-small:1.92%;\"><div class=\"fusion-column-wrapper fusion-column-has-shadow fusion-flex-justify-content-flex-start fusion-content-layout-column\"><div class=\"fusion-separator fusion-full-width-sep\" style=\"align-self: center;margin-left: auto;margin-right: auto;width:100%;\"><\/div><\/div><\/div><div class=\"fusion-layout-column fusion_builder_column fusion-builder-column-5 fusion_builder_column_1_2 1_2 fusion-flex-column\" style=\"--awb-bg-size:cover;--awb-width-large:50%;--awb-margin-top-large:0px;--awb-spacing-right-large:3.84%;--awb-margin-bottom-large:20px;--awb-spacing-left-large:3.84%;--awb-width-medium:50%;--awb-order-medium:0;--awb-spacing-right-medium:3.84%;--awb-spacing-left-medium:3.84%;--awb-width-small:100%;--awb-order-small:3;--awb-spacing-right-small:1.92%;--awb-spacing-left-small:1.92%;\"><div class=\"fusion-column-wrapper fusion-column-has-shadow fusion-flex-justify-content-flex-start fusion-content-layout-column\"><div class=\"fusion-title title fusion-title-4 fusion-sep-none fusion-title-text fusion-title-size-four\" style=\"--awb-text-color:var(--awb-color5);\"><h4 class=\"fusion-title-heading title-heading-left sm-text-align-center\" style=\"margin:0;\">Die eindrucksvollen Buchten der Ogliastra<\/h4><\/div><div class=\"fusion-text fusion-text-3 sm-text-align-center\" style=\"--awb-text-transform:none;\"><p>Die weltber\u00fchmten Buchten der Ogliastra sind ein Muss f\u00fcr jeden, der diese facettenreiche Gegend besucht. Hier haben Sie die Gelegenheit, die viel ger\u00fchmte Sch\u00f6nheit des sardischen Meeres in all seiner Pracht zu bewundern. Sie zeichnen sich durch unglaublich klares Wasser und einen wei\u00dfen Kieselstrand aus und sind leicht mit dem Boot, dem Schlauchboot oder, f\u00fcr die Sportlicheren, sogar \u00fcber Trekkingrouten erreichbar.<\/p>\n<\/div><div class=\"fusion-separator fusion-full-width-sep\" style=\"align-self: center;margin-left: auto;margin-right: auto;margin-top:20px;width:100%;\"><\/div><div class=\"sm-text-align-center\"><a class=\"fusion-button button-flat fusion-button-default-size button-default fusion-button-default button-2 fusion-button-default-span fusion-button-default-type\" target=\"_self\" href=\"https:\/\/campingcignobianco.it\/fr\/criques-de-logliastra\/\"><span class=\"fusion-button-text\">Mehr Infos<\/span><\/a><\/div><div class=\"fusion-text fusion-text-4 sm-text-align-center\" style=\"--awb-font-size:12px;\"><p>Der folgende Link ist nur ein Vorschlag, die Referenzseite verweist auf Dritte, die keine direkte Verbindung zu unserem Campingplatz haben.<\/p>\n<\/div><\/div><\/div><div class=\"fusion-layout-column fusion_builder_column fusion-builder-column-6 fusion_builder_column_1_2 1_2 fusion-flex-column\" style=\"--awb-bg-size:cover;--awb-width-large:50%;--awb-margin-top-large:0px;--awb-spacing-right-large:3.84%;--awb-margin-bottom-large:20px;--awb-spacing-left-large:3.84%;--awb-width-medium:50%;--awb-order-medium:0;--awb-spacing-right-medium:3.84%;--awb-spacing-left-medium:3.84%;--awb-width-small:100%;--awb-order-small:4;--awb-spacing-right-small:1.92%;--awb-spacing-left-small:1.92%;\"><div class=\"fusion-column-wrapper fusion-column-has-shadow fusion-flex-justify-content-flex-start fusion-content-layout-column\"><div class=\"fusion-image-element \" style=\"text-align:center;--awb-caption-title-font-family:var(--h2_typography-font-family);--awb-caption-title-font-weight:var(--h2_typography-font-weight);--awb-caption-title-font-style:var(--h2_typography-font-style);--awb-caption-title-size:var(--h2_typography-font-size);--awb-caption-title-transform:var(--h2_typography-text-transform);--awb-caption-title-line-height:var(--h2_typography-line-height);--awb-caption-title-letter-spacing:var(--h2_typography-letter-spacing);\"><span class=\" fusion-imageframe imageframe-none imageframe-3 hover-type-none\" style=\"border-radius:30px;\"><img decoding=\"async\" width=\"1200\" height=\"710\" title=\"ogliastra_mariolu\" src=\"https:\/\/campingcignobianco.it\/wp-content\/uploads\/2022\/10\/ogliastra_mariolu.jpg\" alt class=\"img-responsive wp-image-3439\" srcset=\"https:\/\/campingcignobianco.it\/wp-content\/uploads\/2022\/10\/ogliastra_mariolu-200x118.jpg 200w, https:\/\/campingcignobianco.it\/wp-content\/uploads\/2022\/10\/ogliastra_mariolu-400x237.jpg 400w, https:\/\/campingcignobianco.it\/wp-content\/uploads\/2022\/10\/ogliastra_mariolu-600x355.jpg 600w, https:\/\/campingcignobianco.it\/wp-content\/uploads\/2022\/10\/ogliastra_mariolu-800x473.jpg 800w, https:\/\/campingcignobianco.it\/wp-content\/uploads\/2022\/10\/ogliastra_mariolu.jpg 1200w\" sizes=\"(max-width: 640px) 100vw, 800px\" \/><\/span><\/div><div class=\"fusion-separator fusion-full-width-sep\" style=\"align-self: center;margin-left: auto;margin-right: auto;margin-top:20px;width:100%;\"><\/div><div style=\"text-align:center;\"><a class=\"fusion-button button-flat fusion-button-default-size button-default fusion-button-default button-3 fusion-button-default-span fusion-button-default-type\" target=\"_self\" href=\"https:\/\/campingcignobianco.it\/de\/tortoli\/\"><span class=\"fusion-button-text\">Galerie<\/span><\/a><\/div><\/div><\/div><div class=\"fusion-layout-column fusion_builder_column fusion-builder-column-7 fusion_builder_column_1_1 1_1 fusion-flex-column\" style=\"--awb-bg-size:cover;--awb-width-large:100%;--awb-margin-top-large:0px;--awb-spacing-right-large:1.92%;--awb-margin-bottom-large:20px;--awb-spacing-left-large:1.92%;--awb-width-medium:100%;--awb-order-medium:0;--awb-spacing-right-medium:1.92%;--awb-spacing-left-medium:1.92%;--awb-width-small:100%;--awb-order-small:5;--awb-spacing-right-small:1.92%;--awb-spacing-left-small:1.92%;\"><div class=\"fusion-column-wrapper fusion-column-has-shadow fusion-flex-justify-content-flex-start fusion-content-layout-column\"><div class=\"fusion-separator fusion-full-width-sep\" style=\"align-self: center;margin-left: auto;margin-right: auto;width:100%;\"><\/div><\/div><\/div><div class=\"fusion-layout-column fusion_builder_column fusion-builder-column-8 fusion_builder_column_1_2 1_2 fusion-flex-column\" style=\"--awb-bg-size:cover;--awb-width-large:50%;--awb-margin-top-large:0px;--awb-spacing-right-large:3.84%;--awb-margin-bottom-large:20px;--awb-spacing-left-large:3.84%;--awb-width-medium:50%;--awb-order-medium:0;--awb-spacing-right-medium:3.84%;--awb-spacing-left-medium:3.84%;--awb-width-small:100%;--awb-order-small:7;--awb-spacing-right-small:1.92%;--awb-spacing-left-small:1.92%;\"><div class=\"fusion-column-wrapper fusion-column-has-shadow fusion-flex-justify-content-flex-start fusion-content-layout-column\"><div class=\"fusion-image-element \" style=\"text-align:center;--awb-caption-title-font-family:var(--h2_typography-font-family);--awb-caption-title-font-weight:var(--h2_typography-font-weight);--awb-caption-title-font-style:var(--h2_typography-font-style);--awb-caption-title-size:var(--h2_typography-font-size);--awb-caption-title-transform:var(--h2_typography-text-transform);--awb-caption-title-line-height:var(--h2_typography-line-height);--awb-caption-title-letter-spacing:var(--h2_typography-letter-spacing);\"><span class=\" fusion-imageframe imageframe-none imageframe-4 hover-type-none\" style=\"border-radius:30px;\"><img decoding=\"async\" width=\"720\" height=\"480\" title=\"22\" src=\"https:\/\/campingcignobianco.it\/wp-content\/uploads\/2022\/10\/22.jpg\" alt class=\"img-responsive wp-image-3470\" srcset=\"https:\/\/campingcignobianco.it\/wp-content\/uploads\/2022\/10\/22-200x133.jpg 200w, https:\/\/campingcignobianco.it\/wp-content\/uploads\/2022\/10\/22-400x267.jpg 400w, https:\/\/campingcignobianco.it\/wp-content\/uploads\/2022\/10\/22-600x400.jpg 600w, https:\/\/campingcignobianco.it\/wp-content\/uploads\/2022\/10\/22.jpg 720w\" sizes=\"(max-width: 640px) 100vw, 720px\" \/><\/span><\/div><div class=\"fusion-separator fusion-full-width-sep\" style=\"align-self: center;margin-left: auto;margin-right: auto;margin-top:20px;width:100%;\"><\/div><div style=\"text-align:center;\"><a class=\"fusion-button button-flat fusion-button-default-size button-default fusion-button-default button-4 fusion-button-default-span fusion-button-default-type\" target=\"_self\" href=\"https:\/\/campingcignobianco.it\/de\/arbatax\/\"><span class=\"fusion-button-text\">Galerie<\/span><\/a><\/div><\/div><\/div><div class=\"fusion-layout-column fusion_builder_column fusion-builder-column-9 fusion_builder_column_1_2 1_2 fusion-flex-column\" style=\"--awb-bg-size:cover;--awb-width-large:50%;--awb-margin-top-large:0px;--awb-spacing-right-large:3.84%;--awb-margin-bottom-large:20px;--awb-spacing-left-large:3.84%;--awb-width-medium:50%;--awb-order-medium:0;--awb-spacing-right-medium:3.84%;--awb-spacing-left-medium:3.84%;--awb-width-small:100%;--awb-order-small:6;--awb-spacing-right-small:1.92%;--awb-spacing-left-small:1.92%;\"><div class=\"fusion-column-wrapper fusion-column-has-shadow fusion-flex-justify-content-flex-start fusion-content-layout-column\"><div class=\"fusion-title title fusion-title-5 fusion-sep-none fusion-title-text fusion-title-size-four\" style=\"--awb-text-color:var(--awb-color5);\"><h4 class=\"fusion-title-heading title-heading-left sm-text-align-center\" style=\"margin:0;\">Die spektakul\u00e4re Gorropu-Schlucht<\/h4><\/div><div class=\"fusion-text fusion-text-5 sm-text-align-center\" style=\"--awb-text-transform:none;\"><p>F\u00fcr Liebhaber von Wanderungen und unber\u00fchrter Natur ist die Gorropu-Schlucht ein unverzichtbarer Halt auf der Entdeckungsreise in der Ogliastra. Sie gilt als eine der tiefsten Schluchten Europas und wird Sie auf Schritt und Tritt in Erstaunen versetzen. Sie repr\u00e4sentiert das urspr\u00fcngliche und wilde Sardinien, das seit jeher unver\u00e4ndert geblieben ist. Hier k\u00f6nnen Sie eine echte Reise in die Vergangenheit unternehmen, indem Sie in die sardische Naturgeschichte eintauchen.<\/p>\n<\/div><div class=\"fusion-separator fusion-full-width-sep\" style=\"align-self: center;margin-left: auto;margin-right: auto;margin-top:20px;width:100%;\"><\/div><div class=\"sm-text-align-center\"><a class=\"fusion-button button-flat fusion-button-default-size button-default fusion-button-default button-5 fusion-button-default-span fusion-button-default-type\" target=\"_self\" href=\" https:\/\/campingcignobianco.it\/de\/canyon-gorropu\/\"><span class=\"fusion-button-text\">Mehr Infos<\/span><\/a><\/div><div class=\"fusion-text fusion-text-6 sm-text-align-center\" style=\"--awb-font-size:12px;\"><p>Der folgende Link ist nur ein Vorschlag, die Referenzseite verweist auf Dritte, die keine direkte Verbindung zu unserem Campingplatz haben.<\/p>\n<\/div><\/div><\/div><\/div><\/div><\/p>\n","protected":false},"excerpt":{"rendered":"","protected":false},"author":1,"featured_media":0,"parent":0,"menu_order":0,"comment_status":"closed","ping_status":"closed","template":"100-width.php","meta":{"footnotes":""},"acf":[],"_links":{"self":[{"href":"https:\/\/campingcignobianco.it\/de\/wp-json\/wp\/v2\/pages\/2376"}],"collection":[{"href":"https:\/\/campingcignobianco.it\/de\/wp-json\/wp\/v2\/pages"}],"about":[{"href":"https:\/\/campingcignobianco.it\/de\/wp-json\/wp\/v2\/types\/page"}],"author":[{"embeddable":true,"href":"https:\/\/campingcignobianco.it\/de\/wp-json\/wp\/v2\/users\/1"}],"replies":[{"embeddable":true,"href":"https:\/\/campingcignobianco.it\/de\/wp-json\/wp\/v2\/comments?post=2376"}],"version-history":[{"count":25,"href":"https:\/\/campingcignobianco.it\/de\/wp-json\/wp\/v2\/pages\/2376\/revisions"}],"predecessor-version":[{"id":5696,"href":"https:\/\/campingcignobianco.it\/de\/wp-json\/wp\/v2\/pages\/2376\/revisions\/5696"}],"wp:attachment":[{"href":"https:\/\/campingcignobianco.it\/de\/wp-json\/wp\/v2\/media?parent=2376"}],"curies":[{"name":"wp","href":"https:\/\/api.w.org\/{rel}","templated":true}]}}