{"id":3090,"date":"2022-05-10T16:49:07","date_gmt":"2022-05-10T14:49:07","guid":{"rendered":"https:\/\/campingcignobianco.it\/campeggio\/"},"modified":"2023-01-17T09:52:28","modified_gmt":"2023-01-17T08:52:28","slug":"campeggio","status":"publish","type":"page","link":"https:\/\/campingcignobianco.it\/de\/campeggio\/","title":{"rendered":"Campeggio"},"content":{"rendered":"<p><div class=\"fusion-fullwidth fullwidth-box fusion-builder-row-1 fusion-flex-container nonhundred-percent-fullwidth non-hundred-percent-height-scrolling\" style=\"--awb-border-radius-top-left:0px;--awb-border-radius-top-right:0px;--awb-border-radius-bottom-right:0px;--awb-border-radius-bottom-left:0px;--awb-flex-wrap:wrap;\" ><div class=\"fusion-builder-row fusion-row fusion-flex-align-items-flex-start fusion-flex-content-wrap\" style=\"max-width:1352px;margin-left: calc(-4% \/ 2 );margin-right: calc(-4% \/ 2 );\"><div class=\"fusion-layout-column fusion_builder_column fusion-builder-column-0 fusion_builder_column_1_1 1_1 fusion-flex-column\" style=\"--awb-bg-image:url(&#039;https:\/\/campingcignobianco.it\/wp-content\/uploads\/2022\/02\/Gruppo-di-maschere-3-1.png&#039;);--awb-bg-size:cover;--awb-width-large:100%;--awb-margin-top-large:0px;--awb-spacing-right-large:1.92%;--awb-margin-bottom-large:20px;--awb-spacing-left-large:1.92%;--awb-width-medium:100%;--awb-order-medium:0;--awb-spacing-right-medium:1.92%;--awb-spacing-left-medium:1.92%;--awb-width-small:100%;--awb-order-small:0;--awb-spacing-right-small:1.92%;--awb-spacing-left-small:1.92%;\"><div class=\"fusion-column-wrapper fusion-column-has-shadow fusion-flex-justify-content-flex-start fusion-content-layout-column fusion-column-has-bg-image\" data-bg-url=\"https:\/\/campingcignobianco.it\/wp-content\/uploads\/2022\/02\/Gruppo-di-maschere-3-1.png\"><div class=\"fusion-text fusion-text-1\"><p>Der Zeltplatz<\/p>\n<\/div><\/div><\/div><\/div><\/div><div class=\"fusion-fullwidth fullwidth-box fusion-builder-row-2 fusion-flex-container nonhundred-percent-fullwidth non-hundred-percent-height-scrolling\" style=\"--awb-border-radius-top-left:0px;--awb-border-radius-top-right:0px;--awb-border-radius-bottom-right:0px;--awb-border-radius-bottom-left:0px;--awb-flex-wrap:wrap;\" ><div class=\"fusion-builder-row fusion-row fusion-flex-align-items-flex-start fusion-flex-content-wrap\" style=\"max-width:1352px;margin-left: calc(-4% \/ 2 );margin-right: calc(-4% \/ 2 );\"><div class=\"fusion-layout-column fusion_builder_column fusion-builder-column-1 fusion_builder_column_1_1 1_1 fusion-flex-column\" style=\"--awb-bg-size:cover;--awb-width-large:100%;--awb-margin-top-large:0px;--awb-spacing-right-large:1.92%;--awb-margin-bottom-large:20px;--awb-spacing-left-large:1.92%;--awb-width-medium:100%;--awb-order-medium:0;--awb-spacing-right-medium:1.92%;--awb-spacing-left-medium:1.92%;--awb-width-small:100%;--awb-order-small:0;--awb-spacing-right-small:1.92%;--awb-spacing-left-small:1.92%;\"><div class=\"fusion-column-wrapper fusion-column-has-shadow fusion-flex-justify-content-flex-start fusion-content-layout-column\"><div class=\"fusion-text fusion-text-2\"><p>Wenn Sie traditionelles Camping und Urlaub unter freiem Himmel lieben, bietet Ihnen der Campingplatz Cigno Bianco eine komfortable und ausgesprochen avantgardistische Ausstattung.<\/p>\n<p>Die schattigen Stellpl\u00e4tze mit Stromanschluss (220 Volt) sind ruhig, friedlich und komfortabel. Das gilt sowohl f\u00fcr die Sanit\u00e4ranlagen als auch f\u00fcr den zentralen Bereich des Campingplatzes, wo Sie eine Bar, einen Markt, ein Restaurant und eine Pizzeria finden. Der Campingplatz bietet eine Auswahl an Freizeitaktivit\u00e4ten wie Tennis, Fu\u00dfball und einen Spielplatz f\u00fcr Kinder.<\/p>\n<p>Das kristallklare Meer um uns herum ist ideal zum Segeln und Unterwasserfischen und Sie k\u00f6nnen entspannte Tage am Strand verbringen.<\/p>\n<p>Sie werden auch die M\u00f6glichkeit haben, interessante Ausfl\u00fcge in das wilde Innere unseres sch\u00f6nen Sardiniens zu unternehmen.<\/p>\n<\/div><\/div><\/div><\/div><\/div><div class=\"fusion-fullwidth fullwidth-box fusion-builder-row-3 fusion-flex-container nonhundred-percent-fullwidth non-hundred-percent-height-scrolling\" style=\"--awb-border-radius-top-left:0px;--awb-border-radius-top-right:0px;--awb-border-radius-bottom-right:0px;--awb-border-radius-bottom-left:0px;--awb-flex-wrap:wrap;\" ><div class=\"fusion-builder-row fusion-row fusion-flex-align-items-flex-start fusion-flex-content-wrap\" style=\"max-width:1352px;margin-left: calc(-4% \/ 2 );margin-right: calc(-4% \/ 2 );\"><div class=\"fusion-layout-column fusion_builder_column fusion-builder-column-2 fusion_builder_column_1_1 1_1 fusion-flex-column\" style=\"--awb-bg-size:cover;--awb-width-large:100%;--awb-margin-top-large:0px;--awb-spacing-right-large:1.92%;--awb-margin-bottom-large:20px;--awb-spacing-left-large:1.92%;--awb-width-medium:100%;--awb-order-medium:0;--awb-spacing-right-medium:1.92%;--awb-spacing-left-medium:1.92%;--awb-width-small:100%;--awb-order-small:0;--awb-spacing-right-small:1.92%;--awb-spacing-left-small:1.92%;\"><div class=\"fusion-column-wrapper fusion-column-has-shadow fusion-flex-justify-content-flex-start fusion-content-layout-column\"><div class=\"awb-gallery-wrapper awb-gallery-wrapper-1 button-span-no\"><div style=\"margin:-5px;--awb-bordersize:0px;\" class=\"fusion-gallery fusion-gallery-container fusion-grid-3 fusion-columns-total-6 fusion-gallery-layout-grid fusion-gallery-1\"><div style=\"padding:5px;\" class=\"fusion-grid-column fusion-gallery-column fusion-gallery-column-3 hover-type-none\"><div class=\"fusion-gallery-image\"><a href=\"https:\/\/campingcignobianco.it\/wp-content\/uploads\/2022\/02\/Camping4.jpg\" rel=\"noreferrer\" data-rel=\"iLightbox[gallery_image_1]\" class=\"fusion-lightbox\" target=\"_self\"><img decoding=\"async\" src=\"https:\/\/campingcignobianco.it\/wp-content\/uploads\/2022\/02\/Camping4.jpg\" width=\"720\" height=\"480\" alt=\"\" title=\"Camping4\" aria-label=\"Camping4\" class=\"img-responsive wp-image-629\" srcset=\"https:\/\/campingcignobianco.it\/wp-content\/uploads\/2022\/02\/Camping4-200x133.jpg 200w, https:\/\/campingcignobianco.it\/wp-content\/uploads\/2022\/02\/Camping4-400x267.jpg 400w, https:\/\/campingcignobianco.it\/wp-content\/uploads\/2022\/02\/Camping4-600x400.jpg 600w, https:\/\/campingcignobianco.it\/wp-content\/uploads\/2022\/02\/Camping4.jpg 720w\" sizes=\"(min-width: 2200px) 100vw, (min-width: 784px) 430px, (min-width: 712px) 645px, (min-width: 640px) 712px, \" \/><\/a><\/div><\/div><div style=\"padding:5px;\" class=\"fusion-grid-column fusion-gallery-column fusion-gallery-column-3 hover-type-none\"><div class=\"fusion-gallery-image\"><a href=\"https:\/\/campingcignobianco.it\/wp-content\/uploads\/2022\/02\/Camping2.jpg\" rel=\"noreferrer\" data-rel=\"iLightbox[gallery_image_1]\" class=\"fusion-lightbox\" target=\"_self\"><img decoding=\"async\" src=\"https:\/\/campingcignobianco.it\/wp-content\/uploads\/2022\/02\/Camping2.jpg\" width=\"720\" height=\"480\" alt=\"\" title=\"Camping2\" aria-label=\"Camping2\" class=\"img-responsive wp-image-619\" srcset=\"https:\/\/campingcignobianco.it\/wp-content\/uploads\/2022\/02\/Camping2-200x133.jpg 200w, https:\/\/campingcignobianco.it\/wp-content\/uploads\/2022\/02\/Camping2-400x267.jpg 400w, https:\/\/campingcignobianco.it\/wp-content\/uploads\/2022\/02\/Camping2-600x400.jpg 600w, https:\/\/campingcignobianco.it\/wp-content\/uploads\/2022\/02\/Camping2.jpg 720w\" sizes=\"(min-width: 2200px) 100vw, (min-width: 784px) 430px, (min-width: 712px) 645px, (min-width: 640px) 712px, \" \/><\/a><\/div><\/div><div style=\"padding:5px;\" class=\"fusion-grid-column fusion-gallery-column fusion-gallery-column-3 hover-type-none\"><div class=\"fusion-gallery-image\"><a href=\"https:\/\/campingcignobianco.it\/wp-content\/uploads\/2022\/02\/Camping6.jpg\" rel=\"noreferrer\" data-rel=\"iLightbox[gallery_image_1]\" class=\"fusion-lightbox\" target=\"_self\"><img decoding=\"async\" src=\"https:\/\/campingcignobianco.it\/wp-content\/uploads\/2022\/02\/Camping6.jpg\" width=\"720\" height=\"480\" alt=\"\" title=\"Camping6\" aria-label=\"Camping6\" class=\"img-responsive wp-image-639\" srcset=\"https:\/\/campingcignobianco.it\/wp-content\/uploads\/2022\/02\/Camping6-200x133.jpg 200w, https:\/\/campingcignobianco.it\/wp-content\/uploads\/2022\/02\/Camping6-400x267.jpg 400w, https:\/\/campingcignobianco.it\/wp-content\/uploads\/2022\/02\/Camping6-600x400.jpg 600w, https:\/\/campingcignobianco.it\/wp-content\/uploads\/2022\/02\/Camping6.jpg 720w\" sizes=\"(min-width: 2200px) 100vw, (min-width: 784px) 430px, (min-width: 712px) 645px, (min-width: 640px) 712px, \" \/><\/a><\/div><\/div><div class=\"clearfix\"><\/div><div style=\"padding:5px;\" class=\"fusion-grid-column fusion-gallery-column fusion-gallery-column-3 hover-type-none\"><div class=\"fusion-gallery-image\"><a href=\"https:\/\/campingcignobianco.it\/wp-content\/uploads\/2022\/02\/Camping5.jpg\" rel=\"noreferrer\" data-rel=\"iLightbox[gallery_image_1]\" class=\"fusion-lightbox\" target=\"_self\"><img decoding=\"async\" src=\"https:\/\/campingcignobianco.it\/wp-content\/uploads\/2022\/02\/Camping5.jpg\" width=\"720\" height=\"480\" alt=\"\" title=\"Camping5\" aria-label=\"Camping5\" class=\"img-responsive wp-image-634\" srcset=\"https:\/\/campingcignobianco.it\/wp-content\/uploads\/2022\/02\/Camping5-200x133.jpg 200w, https:\/\/campingcignobianco.it\/wp-content\/uploads\/2022\/02\/Camping5-400x267.jpg 400w, https:\/\/campingcignobianco.it\/wp-content\/uploads\/2022\/02\/Camping5-600x400.jpg 600w, https:\/\/campingcignobianco.it\/wp-content\/uploads\/2022\/02\/Camping5.jpg 720w\" sizes=\"(min-width: 2200px) 100vw, (min-width: 784px) 430px, (min-width: 712px) 645px, (min-width: 640px) 712px, \" \/><\/a><\/div><\/div><div style=\"padding:5px;\" class=\"fusion-grid-column fusion-gallery-column fusion-gallery-column-3 hover-type-none\"><div class=\"fusion-gallery-image\"><a rel=\"noreferrer\" data-rel=\"iLightbox[gallery_image_1]\" class=\"fusion-lightbox\" target=\"_self\"><img decoding=\"async\" src=\"\" width=\"\" height=\"\" alt=\"\" title=\"\" aria-label=\"\" class=\"img-responsive wp-image-\"  \/><\/a><\/div><\/div><div style=\"padding:5px;\" class=\"fusion-grid-column fusion-gallery-column fusion-gallery-column-3 hover-type-none\"><div class=\"fusion-gallery-image\"><a rel=\"noreferrer\" data-rel=\"iLightbox[gallery_image_1]\" class=\"fusion-lightbox\" target=\"_self\"><img decoding=\"async\" src=\"\" width=\"\" height=\"\" alt=\"\" title=\"\" aria-label=\"\" class=\"img-responsive wp-image-\"  \/><\/a><\/div><\/div><div class=\"clearfix\"><\/div><\/div><\/div><\/div><\/div><\/div><\/div><\/p>\n","protected":false},"excerpt":{"rendered":"","protected":false},"author":1,"featured_media":0,"parent":0,"menu_order":0,"comment_status":"closed","ping_status":"closed","template":"categorie.php","meta":{"footnotes":""},"acf":[],"_links":{"self":[{"href":"https:\/\/campingcignobianco.it\/de\/wp-json\/wp\/v2\/pages\/3090"}],"collection":[{"href":"https:\/\/campingcignobianco.it\/de\/wp-json\/wp\/v2\/pages"}],"about":[{"href":"https:\/\/campingcignobianco.it\/de\/wp-json\/wp\/v2\/types\/page"}],"author":[{"embeddable":true,"href":"https:\/\/campingcignobianco.it\/de\/wp-json\/wp\/v2\/users\/1"}],"replies":[{"embeddable":true,"href":"https:\/\/campingcignobianco.it\/de\/wp-json\/wp\/v2\/comments?post=3090"}],"version-history":[{"count":3,"href":"https:\/\/campingcignobianco.it\/de\/wp-json\/wp\/v2\/pages\/3090\/revisions"}],"predecessor-version":[{"id":4374,"href":"https:\/\/campingcignobianco.it\/de\/wp-json\/wp\/v2\/pages\/3090\/revisions\/4374"}],"wp:attachment":[{"href":"https:\/\/campingcignobianco.it\/de\/wp-json\/wp\/v2\/media?parent=3090"}],"curies":[{"name":"wp","href":"https:\/\/api.w.org\/{rel}","templated":true}]}}