{"id":2223,"date":"2022-05-04T17:15:56","date_gmt":"2022-05-04T15:15:56","guid":{"rendered":"https:\/\/campingcignobianco.it\/?page_id=2223"},"modified":"2023-07-06T12:35:35","modified_gmt":"2023-07-06T10:35:35","slug":"criques-de-logliastra","status":"publish","type":"page","link":"https:\/\/campingcignobianco.it\/fr\/criques-de-logliastra\/","title":{"rendered":"Criques de l&rsquo;Ogliastra"},"content":{"rendered":"<p><div class=\"fusion-fullwidth fullwidth-box fusion-builder-row-1 fusion-flex-container fusion-parallax-none hundred-percent-fullwidth non-hundred-percent-height-scrolling\" style=\"--awb-background-position:center bottom;--awb-border-radius-top-left:0px;--awb-border-radius-top-right:0px;--awb-border-radius-bottom-right:0px;--awb-border-radius-bottom-left:0px;--awb-padding-top:200px;--awb-padding-bottom:200px;--awb-background-image:url(&quot;https:\/\/campingcignobianco.it\/wp-content\/uploads\/2022\/10\/ogliastra_mariolu.jpg&quot;);--awb-background-size:cover;--awb-flex-wrap:wrap;\" ><div class=\"fusion-builder-row fusion-row fusion-flex-align-items-center fusion-flex-content-wrap\" style=\"width:104% !important;max-width:104% !important;margin-left: calc(-4% \/ 2 );margin-right: calc(-4% \/ 2 );\"><div class=\"fusion-layout-column fusion_builder_column fusion-builder-column-0 fusion_builder_column_1_1 1_1 fusion-flex-column\" style=\"--awb-bg-size:cover;--awb-width-large:100%;--awb-margin-top-large:0px;--awb-spacing-right-large:1.92%;--awb-margin-bottom-large:20px;--awb-spacing-left-large:1.92%;--awb-width-medium:100%;--awb-order-medium:0;--awb-spacing-right-medium:1.92%;--awb-spacing-left-medium:1.92%;--awb-width-small:100%;--awb-order-small:0;--awb-spacing-right-small:1.92%;--awb-spacing-left-small:1.92%;\"><div class=\"fusion-column-wrapper fusion-column-has-shadow fusion-flex-justify-content-flex-start fusion-content-layout-column\"><div class=\"fusion-title title fusion-title-1 fusion-sep-none fusion-title-center fusion-title-text fusion-title-size-one\" style=\"--awb-text-color:var(--awb-color1);\"><h1 class=\"fusion-title-heading title-heading-center\" style=\"margin:0;\">Les c\u00e9l\u00e8bres criques de la c\u00f4te Est<\/h1><\/div><\/div><\/div><\/div><\/div><div class=\"fusion-fullwidth fullwidth-box fusion-builder-row-2 fusion-flex-container nonhundred-percent-fullwidth non-hundred-percent-height-scrolling\" style=\"--awb-border-radius-top-left:0px;--awb-border-radius-top-right:0px;--awb-border-radius-bottom-right:0px;--awb-border-radius-bottom-left:0px;--awb-margin-top:50px;--awb-flex-wrap:wrap;\" ><div class=\"fusion-builder-row fusion-row fusion-flex-align-items-flex-start fusion-flex-content-wrap\" style=\"max-width:1352px;margin-left: calc(-4% \/ 2 );margin-right: calc(-4% \/ 2 );\"><div class=\"fusion-layout-column fusion_builder_column fusion-builder-column-1 fusion_builder_column_1_1 1_1 fusion-flex-column\" style=\"--awb-bg-size:cover;--awb-width-large:100%;--awb-margin-top-large:0px;--awb-spacing-right-large:1.92%;--awb-margin-bottom-large:20px;--awb-spacing-left-large:1.92%;--awb-width-medium:100%;--awb-order-medium:0;--awb-spacing-right-medium:1.92%;--awb-spacing-left-medium:1.92%;--awb-width-small:100%;--awb-order-small:0;--awb-spacing-right-small:1.92%;--awb-spacing-left-small:1.92%;\"><div class=\"fusion-column-wrapper fusion-column-has-shadow fusion-flex-justify-content-flex-start fusion-content-layout-column\"><div class=\"fusion-text fusion-text-1\" style=\"--awb-text-transform:none;\"><p><a href=\"https:\/\/campingcignobianco.it\/fr\/excursions\/\">\u2190 Retour aux excursions<\/a><\/p>\n<\/div><\/div><\/div><\/div><\/div><div class=\"fusion-fullwidth fullwidth-box fusion-builder-row-3 fusion-flex-container nonhundred-percent-fullwidth non-hundred-percent-height-scrolling\" style=\"--awb-border-radius-top-left:0px;--awb-border-radius-top-right:0px;--awb-border-radius-bottom-right:0px;--awb-border-radius-bottom-left:0px;--awb-padding-top:50px;--awb-padding-bottom:50px;--awb-flex-wrap:wrap;\" ><div class=\"fusion-builder-row fusion-row fusion-flex-align-items-flex-start fusion-flex-content-wrap\" style=\"max-width:1352px;margin-left: calc(-4% \/ 2 );margin-right: calc(-4% \/ 2 );\"><div class=\"fusion-layout-column fusion_builder_column fusion-builder-column-2 fusion_builder_column_1_1 1_1 fusion-flex-column\" style=\"--awb-bg-size:cover;--awb-width-large:100%;--awb-margin-top-large:0px;--awb-spacing-right-large:1.92%;--awb-margin-bottom-large:20px;--awb-spacing-left-large:1.92%;--awb-width-medium:100%;--awb-order-medium:0;--awb-spacing-right-medium:1.92%;--awb-spacing-left-medium:1.92%;--awb-width-small:100%;--awb-order-small:0;--awb-spacing-right-small:1.92%;--awb-spacing-left-small:1.92%;\"><div class=\"fusion-column-wrapper fusion-column-has-shadow fusion-flex-justify-content-flex-start fusion-content-layout-column\"><div class=\"fusion-text fusion-text-2 sm-text-align-center\" style=\"--awb-text-transform:none;\"><p>Venez d\u00e9couvrir les belles criques qui entourent la c\u00f4te orientale de la Sardaigne, elles se pr\u00e9senteront dans toute leur splendeur parmi les galets de pierres pr\u00e9cieuses et les fonds marins \u00e9tonnants, vous vous croirez perdu dans un r\u00eave paradisiaque.<\/p>\n<p>Ci-dessous, sans ordre particulier, vous pouvez voir : Cala Goloritz\u00e8, Cala Mariolu, Cala Sisine et Cala Luna.<\/p>\n<p>Si vous \u00eates int\u00e9ress\u00e9 \u00e0 visiter les criques, vous pouvez jeter un oeil sur le site suivant <a href=\"https:\/\/www.fuorirottacharter.it\" target=\"_blank\" rel=\"nofollow noopener\">www.fuorirottacharter.it<\/a><\/p>\n<\/div><div class=\"fusion-text fusion-text-3 sm-text-align-center\" style=\"--awb-font-size:12px;\"><p>Le lien suivant est uniquement une proposition, la page de r\u00e9f\u00e9rence appartient \u00e0 une autre soci\u00e9t\u00e9 car elle n&rsquo;a aucun lien direct avec notre camping.<\/p>\n<\/div><\/div><\/div><\/div><\/div><div class=\"fusion-fullwidth fullwidth-box fusion-builder-row-4 fusion-flex-container nonhundred-percent-fullwidth non-hundred-percent-height-scrolling\" style=\"--awb-border-radius-top-left:0px;--awb-border-radius-top-right:0px;--awb-border-radius-bottom-right:0px;--awb-border-radius-bottom-left:0px;--awb-flex-wrap:wrap;\" ><div class=\"fusion-builder-row fusion-row fusion-flex-align-items-flex-start fusion-flex-content-wrap\" style=\"max-width:1352px;margin-left: calc(-4% \/ 2 );margin-right: calc(-4% \/ 2 );\"><div class=\"fusion-layout-column fusion_builder_column fusion-builder-column-3 fusion_builder_column_1_1 1_1 fusion-flex-column\" style=\"--awb-bg-size:cover;--awb-width-large:100%;--awb-margin-top-large:0px;--awb-spacing-right-large:1.92%;--awb-margin-bottom-large:20px;--awb-spacing-left-large:1.92%;--awb-width-medium:100%;--awb-order-medium:0;--awb-spacing-right-medium:1.92%;--awb-spacing-left-medium:1.92%;--awb-width-small:100%;--awb-order-small:0;--awb-spacing-right-small:1.92%;--awb-spacing-left-small:1.92%;\"><div class=\"fusion-column-wrapper fusion-column-has-shadow fusion-flex-justify-content-flex-start fusion-content-layout-column\"><div class=\"awb-gallery-wrapper awb-gallery-wrapper-1 button-span-no\"><div style=\"margin:-5px;--awb-aspect-ratio:16 \/ 9;--awb-bordersize:0px;\" class=\"fusion-gallery fusion-gallery-container fusion-grid-3 fusion-columns-total-12 fusion-gallery-layout-grid fusion-gallery-1 has-aspect-ratio\"><div style=\"padding:5px;\" class=\"fusion-grid-column fusion-gallery-column fusion-gallery-column-3 hover-type-none\"><div class=\"fusion-gallery-image\"><a href=\"https:\/\/campingcignobianco.it\/wp-content\/uploads\/2022\/10\/@10x_escursi_cala_goloritze.jpg\" rel=\"noreferrer\" data-rel=\"iLightbox[gallery_image_1]\" class=\"fusion-lightbox\" target=\"_self\"><img decoding=\"async\" src=\"https:\/\/campingcignobianco.it\/wp-content\/uploads\/2022\/10\/@10x_escursi_cala_goloritze.jpg\" width=\"1000\" height=\"749\" alt=\"\" title=\"@10x_escursi_cala_goloritze\" aria-label=\"@10x_escursi_cala_goloritze\" class=\"img-responsive wp-image-3715\" srcset=\"https:\/\/campingcignobianco.it\/wp-content\/uploads\/2022\/10\/@10x_escursi_cala_goloritze-200x150.jpg 200w, https:\/\/campingcignobianco.it\/wp-content\/uploads\/2022\/10\/@10x_escursi_cala_goloritze-400x300.jpg 400w, https:\/\/campingcignobianco.it\/wp-content\/uploads\/2022\/10\/@10x_escursi_cala_goloritze-600x449.jpg 600w, https:\/\/campingcignobianco.it\/wp-content\/uploads\/2022\/10\/@10x_escursi_cala_goloritze-800x599.jpg 800w, https:\/\/campingcignobianco.it\/wp-content\/uploads\/2022\/10\/@10x_escursi_cala_goloritze.jpg 1000w\" sizes=\"(min-width: 2200px) 100vw, (min-width: 784px) 430px, (min-width: 712px) 645px, (min-width: 640px) 712px, \" \/><\/a><\/div><\/div><div style=\"padding:5px;\" class=\"fusion-grid-column fusion-gallery-column fusion-gallery-column-3 hover-type-none\"><div class=\"fusion-gallery-image\"><a href=\"https:\/\/campingcignobianco.it\/wp-content\/uploads\/2022\/10\/download_1-1.jpg\" rel=\"noreferrer\" data-rel=\"iLightbox[gallery_image_1]\" class=\"fusion-lightbox\" target=\"_self\"><img decoding=\"async\" src=\"https:\/\/campingcignobianco.it\/wp-content\/uploads\/2022\/10\/download_1-1.jpg\" width=\"275\" height=\"183\" alt=\"\" title=\"download_(1)\" aria-label=\"download_(1)\" class=\"img-responsive wp-image-3665\" srcset=\"https:\/\/campingcignobianco.it\/wp-content\/uploads\/2022\/10\/download_1-1-200x133.jpg 200w, https:\/\/campingcignobianco.it\/wp-content\/uploads\/2022\/10\/download_1-1.jpg 275w\" sizes=\"(min-width: 2200px) 100vw, (min-width: 784px) 430px, (min-width: 712px) 645px, (min-width: 640px) 712px, \" \/><\/a><\/div><\/div><div style=\"padding:5px;\" class=\"fusion-grid-column fusion-gallery-column fusion-gallery-column-3 hover-type-none\"><div class=\"fusion-gallery-image\"><a href=\"https:\/\/campingcignobianco.it\/wp-content\/uploads\/2022\/10\/download-5.jpe\" rel=\"noreferrer\" data-rel=\"iLightbox[gallery_image_1]\" class=\"fusion-lightbox\" target=\"_self\"><img decoding=\"async\" src=\"https:\/\/campingcignobianco.it\/wp-content\/uploads\/2022\/10\/download-5.jpe\" width=\"201\" height=\"251\" alt=\"\" title=\"download (5)\" aria-label=\"download (5)\" class=\"img-responsive wp-image-3645\"  \/><\/a><\/div><\/div><div class=\"clearfix\"><\/div><div style=\"padding:5px;\" class=\"fusion-grid-column fusion-gallery-column fusion-gallery-column-3 hover-type-none\"><div class=\"fusion-gallery-image\"><a href=\"https:\/\/campingcignobianco.it\/wp-content\/uploads\/2022\/10\/download-6.jpe\" rel=\"noreferrer\" data-rel=\"iLightbox[gallery_image_1]\" class=\"fusion-lightbox\" target=\"_self\"><img decoding=\"async\" src=\"https:\/\/campingcignobianco.it\/wp-content\/uploads\/2022\/10\/download-6.jpe\" width=\"296\" height=\"170\" alt=\"\" title=\"download (6)\" aria-label=\"download (6)\" class=\"img-responsive wp-image-3650\" srcset=\"https:\/\/campingcignobianco.it\/wp-content\/uploads\/2022\/10\/download-6-200x115.jpe 200w, https:\/\/campingcignobianco.it\/wp-content\/uploads\/2022\/10\/download-6.jpe 296w\" sizes=\"(min-width: 2200px) 100vw, (min-width: 784px) 430px, (min-width: 712px) 645px, (min-width: 640px) 712px, \" \/><\/a><\/div><\/div><div style=\"padding:5px;\" class=\"fusion-grid-column fusion-gallery-column fusion-gallery-column-3 hover-type-none\"><div class=\"fusion-gallery-image\"><a href=\"https:\/\/campingcignobianco.it\/wp-content\/uploads\/2022\/10\/download-2.jpe\" rel=\"noreferrer\" data-rel=\"iLightbox[gallery_image_1]\" class=\"fusion-lightbox\" target=\"_self\"><img decoding=\"async\" src=\"https:\/\/campingcignobianco.it\/wp-content\/uploads\/2022\/10\/download-2.jpe\" width=\"275\" height=\"183\" alt=\"\" title=\"download (2)\" aria-label=\"download (2)\" class=\"img-responsive wp-image-3705\" srcset=\"https:\/\/campingcignobianco.it\/wp-content\/uploads\/2022\/10\/download-2-200x133.jpe 200w, https:\/\/campingcignobianco.it\/wp-content\/uploads\/2022\/10\/download-2.jpe 275w\" sizes=\"(min-width: 2200px) 100vw, (min-width: 784px) 430px, (min-width: 712px) 645px, (min-width: 640px) 712px, \" \/><\/a><\/div><\/div><div style=\"padding:5px;\" class=\"fusion-grid-column fusion-gallery-column fusion-gallery-column-3 hover-type-none\"><div class=\"fusion-gallery-image\"><a href=\"https:\/\/campingcignobianco.it\/wp-content\/uploads\/2022\/10\/download_2-1-1.jpg\" rel=\"noreferrer\" data-rel=\"iLightbox[gallery_image_1]\" class=\"fusion-lightbox\" target=\"_self\"><img decoding=\"async\" src=\"https:\/\/campingcignobianco.it\/wp-content\/uploads\/2022\/10\/download_2-1-1.jpg\" width=\"308\" height=\"164\" alt=\"\" title=\"download_(2) (1)\" aria-label=\"download_(2) (1)\" class=\"img-responsive wp-image-3670\" srcset=\"https:\/\/campingcignobianco.it\/wp-content\/uploads\/2022\/10\/download_2-1-1-200x106.jpg 200w, https:\/\/campingcignobianco.it\/wp-content\/uploads\/2022\/10\/download_2-1-1.jpg 308w\" sizes=\"(min-width: 2200px) 100vw, (min-width: 784px) 430px, (min-width: 712px) 645px, (min-width: 640px) 712px, \" \/><\/a><\/div><\/div><div class=\"clearfix\"><\/div><div style=\"padding:5px;\" class=\"fusion-grid-column fusion-gallery-column fusion-gallery-column-3 hover-type-none\"><div class=\"fusion-gallery-image\"><a href=\"https:\/\/campingcignobianco.it\/wp-content\/uploads\/2022\/10\/download_3.jpg\" rel=\"noreferrer\" data-rel=\"iLightbox[gallery_image_1]\" class=\"fusion-lightbox\" target=\"_self\"><img decoding=\"async\" src=\"https:\/\/campingcignobianco.it\/wp-content\/uploads\/2022\/10\/download_3.jpg\" width=\"275\" height=\"183\" alt=\"\" title=\"download_(3)\" aria-label=\"download_(3)\" class=\"img-responsive wp-image-3675\" srcset=\"https:\/\/campingcignobianco.it\/wp-content\/uploads\/2022\/10\/download_3-200x133.jpg 200w, https:\/\/campingcignobianco.it\/wp-content\/uploads\/2022\/10\/download_3.jpg 275w\" sizes=\"(min-width: 2200px) 100vw, (min-width: 784px) 430px, (min-width: 712px) 645px, (min-width: 640px) 712px, \" \/><\/a><\/div><\/div><div style=\"padding:5px;\" class=\"fusion-grid-column fusion-gallery-column fusion-gallery-column-3 hover-type-none\"><div class=\"fusion-gallery-image\"><a href=\"https:\/\/campingcignobianco.it\/wp-content\/uploads\/2022\/10\/images-1.jpe\" rel=\"noreferrer\" data-rel=\"iLightbox[gallery_image_1]\" class=\"fusion-lightbox\" target=\"_self\"><img decoding=\"async\" src=\"https:\/\/campingcignobianco.it\/wp-content\/uploads\/2022\/10\/images-1.jpe\" width=\"297\" height=\"170\" alt=\"\" title=\"images (1)\" aria-label=\"images (1)\" class=\"img-responsive wp-image-3685\" srcset=\"https:\/\/campingcignobianco.it\/wp-content\/uploads\/2022\/10\/images-1-200x114.jpe 200w, https:\/\/campingcignobianco.it\/wp-content\/uploads\/2022\/10\/images-1.jpe 297w\" sizes=\"(min-width: 2200px) 100vw, (min-width: 784px) 430px, (min-width: 712px) 645px, (min-width: 640px) 712px, \" \/><\/a><\/div><\/div><div style=\"padding:5px;\" class=\"fusion-grid-column fusion-gallery-column fusion-gallery-column-3 hover-type-none\"><div class=\"fusion-gallery-image\"><a href=\"https:\/\/campingcignobianco.it\/wp-content\/uploads\/2022\/10\/G..jpe\" rel=\"noreferrer\" data-rel=\"iLightbox[gallery_image_1]\" class=\"fusion-lightbox\" target=\"_self\"><img decoding=\"async\" src=\"https:\/\/campingcignobianco.it\/wp-content\/uploads\/2022\/10\/G..jpe\" width=\"259\" height=\"194\" alt=\"\" title=\"G.\" aria-label=\"G.\" class=\"img-responsive wp-image-3680\" srcset=\"https:\/\/campingcignobianco.it\/wp-content\/uploads\/2022\/10\/G.-200x150.jpe 200w, https:\/\/campingcignobianco.it\/wp-content\/uploads\/2022\/10\/G..jpe 259w\" sizes=\"(min-width: 2200px) 100vw, (min-width: 784px) 430px, (min-width: 712px) 645px, (min-width: 640px) 712px, \" \/><\/a><\/div><\/div><div class=\"clearfix\"><\/div><div style=\"padding:5px;\" class=\"fusion-grid-column fusion-gallery-column fusion-gallery-column-3 hover-type-none\"><div class=\"fusion-gallery-image\"><a href=\"https:\/\/campingcignobianco.it\/wp-content\/uploads\/2022\/10\/images-2.jpe\" rel=\"noreferrer\" data-rel=\"iLightbox[gallery_image_1]\" class=\"fusion-lightbox\" target=\"_self\"><img decoding=\"async\" src=\"https:\/\/campingcignobianco.it\/wp-content\/uploads\/2022\/10\/images-2.jpe\" width=\"275\" height=\"183\" alt=\"\" title=\"images (2)\" aria-label=\"images (2)\" class=\"img-responsive wp-image-3690\" srcset=\"https:\/\/campingcignobianco.it\/wp-content\/uploads\/2022\/10\/images-2-200x133.jpe 200w, https:\/\/campingcignobianco.it\/wp-content\/uploads\/2022\/10\/images-2.jpe 275w\" sizes=\"(min-width: 2200px) 100vw, (min-width: 784px) 430px, (min-width: 712px) 645px, (min-width: 640px) 712px, \" \/><\/a><\/div><\/div><div style=\"padding:5px;\" class=\"fusion-grid-column fusion-gallery-column fusion-gallery-column-3 hover-type-none\"><div class=\"fusion-gallery-image\"><a href=\"https:\/\/campingcignobianco.it\/wp-content\/uploads\/2022\/10\/images.jpe\" rel=\"noreferrer\" data-rel=\"iLightbox[gallery_image_1]\" class=\"fusion-lightbox\" target=\"_self\"><img decoding=\"async\" src=\"https:\/\/campingcignobianco.it\/wp-content\/uploads\/2022\/10\/images.jpe\" width=\"259\" height=\"194\" alt=\"\" title=\"images\" aria-label=\"images\" class=\"img-responsive wp-image-3700\" srcset=\"https:\/\/campingcignobianco.it\/wp-content\/uploads\/2022\/10\/images-200x150.jpe 200w, https:\/\/campingcignobianco.it\/wp-content\/uploads\/2022\/10\/images.jpe 259w\" sizes=\"(min-width: 2200px) 100vw, (min-width: 784px) 430px, (min-width: 712px) 645px, (min-width: 640px) 712px, \" \/><\/a><\/div><\/div><div style=\"padding:5px;\" class=\"fusion-grid-column fusion-gallery-column fusion-gallery-column-3 hover-type-none\"><div class=\"fusion-gallery-image\"><a href=\"https:\/\/campingcignobianco.it\/wp-content\/uploads\/2022\/10\/download-4.jpe\" rel=\"noreferrer\" data-rel=\"iLightbox[gallery_image_1]\" class=\"fusion-lightbox\" target=\"_self\"><img decoding=\"async\" src=\"https:\/\/campingcignobianco.it\/wp-content\/uploads\/2022\/10\/download-4.jpe\" width=\"275\" height=\"183\" alt=\"\" title=\"download (4)\" aria-label=\"download (4)\" class=\"img-responsive wp-image-3640\" srcset=\"https:\/\/campingcignobianco.it\/wp-content\/uploads\/2022\/10\/download-4-200x133.jpe 200w, https:\/\/campingcignobianco.it\/wp-content\/uploads\/2022\/10\/download-4.jpe 275w\" sizes=\"(min-width: 2200px) 100vw, (min-width: 784px) 430px, (min-width: 712px) 645px, (min-width: 640px) 712px, \" \/><\/a><\/div><\/div><div class=\"clearfix\"><\/div><\/div><\/div><\/div><\/div><\/div><\/div><\/p>\n","protected":false},"excerpt":{"rendered":"","protected":false},"author":1,"featured_media":0,"parent":0,"menu_order":0,"comment_status":"closed","ping_status":"closed","template":"100-width.php","meta":{"footnotes":""},"acf":[],"_links":{"self":[{"href":"https:\/\/campingcignobianco.it\/fr\/wp-json\/wp\/v2\/pages\/2223"}],"collection":[{"href":"https:\/\/campingcignobianco.it\/fr\/wp-json\/wp\/v2\/pages"}],"about":[{"href":"https:\/\/campingcignobianco.it\/fr\/wp-json\/wp\/v2\/types\/page"}],"author":[{"embeddable":true,"href":"https:\/\/campingcignobianco.it\/fr\/wp-json\/wp\/v2\/users\/1"}],"replies":[{"embeddable":true,"href":"https:\/\/campingcignobianco.it\/fr\/wp-json\/wp\/v2\/comments?post=2223"}],"version-history":[{"count":18,"href":"https:\/\/campingcignobianco.it\/fr\/wp-json\/wp\/v2\/pages\/2223\/revisions"}],"predecessor-version":[{"id":5760,"href":"https:\/\/campingcignobianco.it\/fr\/wp-json\/wp\/v2\/pages\/2223\/revisions\/5760"}],"wp:attachment":[{"href":"https:\/\/campingcignobianco.it\/fr\/wp-json\/wp\/v2\/media?parent=2223"}],"curies":[{"name":"wp","href":"https:\/\/api.w.org\/{rel}","templated":true}]}}