{"id":2259,"date":"2022-05-04T17:18:31","date_gmt":"2022-05-04T15:18:31","guid":{"rendered":"https:\/\/campingcignobianco.it\/?page_id=2259"},"modified":"2023-02-02T14:33:31","modified_gmt":"2023-02-02T13:33:31","slug":"plage-de-lido-di-orri","status":"publish","type":"page","link":"https:\/\/campingcignobianco.it\/fr\/plage-de-lido-di-orri\/","title":{"rendered":"Plage de Lido di Orr\u00ec"},"content":{"rendered":"<p><div class=\"fusion-fullwidth fullwidth-box fusion-builder-row-1 fusion-flex-container fusion-parallax-none hundred-percent-fullwidth non-hundred-percent-height-scrolling\" style=\"--awb-border-radius-top-left:0px;--awb-border-radius-top-right:0px;--awb-border-radius-bottom-right:0px;--awb-border-radius-bottom-left:0px;--awb-padding-top:200px;--awb-padding-bottom:200px;--awb-background-image:url(&quot;https:\/\/campingcignobianco.it\/wp-content\/uploads\/2022\/02\/Header.jpg&quot;);--awb-background-size:cover;--awb-flex-wrap:wrap;\" ><div class=\"fusion-builder-row fusion-row fusion-flex-align-items-center fusion-flex-content-wrap\" style=\"width:104% !important;max-width:104% !important;margin-left: calc(-4% \/ 2 );margin-right: calc(-4% \/ 2 );\"><div class=\"fusion-layout-column fusion_builder_column fusion-builder-column-0 fusion_builder_column_1_1 1_1 fusion-flex-column\" style=\"--awb-bg-size:cover;--awb-width-large:100%;--awb-margin-top-large:0px;--awb-spacing-right-large:1.92%;--awb-margin-bottom-large:20px;--awb-spacing-left-large:1.92%;--awb-width-medium:100%;--awb-order-medium:0;--awb-spacing-right-medium:1.92%;--awb-spacing-left-medium:1.92%;--awb-width-small:100%;--awb-order-small:0;--awb-spacing-right-small:1.92%;--awb-spacing-left-small:1.92%;\"><div class=\"fusion-column-wrapper fusion-column-has-shadow fusion-flex-justify-content-flex-start fusion-content-layout-column\"><div class=\"fusion-title title fusion-title-1 fusion-sep-none fusion-title-center fusion-title-text fusion-title-size-one\" style=\"--awb-text-color:var(--awb-color1);\"><h1 class=\"fusion-title-heading title-heading-center\" style=\"margin:0;\">Plage de Lido di Orr\u00ec<\/h1><\/div><\/div><\/div><\/div><\/div><div class=\"fusion-fullwidth fullwidth-box fusion-builder-row-2 fusion-flex-container hundred-percent-fullwidth non-hundred-percent-height-scrolling\" style=\"--awb-border-radius-top-left:0px;--awb-border-radius-top-right:0px;--awb-border-radius-bottom-right:0px;--awb-border-radius-bottom-left:0px;--awb-margin-top:50px;--awb-flex-wrap:wrap;\" ><div class=\"fusion-builder-row fusion-row fusion-flex-align-items-flex-start fusion-flex-content-wrap\" style=\"width:104% !important;max-width:104% !important;margin-left: calc(-4% \/ 2 );margin-right: calc(-4% \/ 2 );\"><div class=\"fusion-layout-column fusion_builder_column fusion-builder-column-1 fusion_builder_column_1_1 1_1 fusion-flex-column\" style=\"--awb-bg-size:cover;--awb-width-large:100%;--awb-margin-top-large:0px;--awb-spacing-right-large:1.92%;--awb-margin-bottom-large:20px;--awb-spacing-left-large:1.92%;--awb-width-medium:100%;--awb-order-medium:0;--awb-spacing-right-medium:1.92%;--awb-spacing-left-medium:1.92%;--awb-width-small:100%;--awb-order-small:0;--awb-spacing-right-small:1.92%;--awb-spacing-left-small:1.92%;\"><div class=\"fusion-column-wrapper fusion-column-has-shadow fusion-flex-justify-content-flex-start fusion-content-layout-column\"><div class=\"fusion-text fusion-text-1\" style=\"--awb-text-transform:none;\"><p><a href=\"https:\/\/campingcignobianco.it\/fr\/excursions\/\">\u2190 Retour aux excursions<\/a><\/p>\n<\/div><\/div><\/div><\/div><\/div><div class=\"fusion-fullwidth fullwidth-box fusion-builder-row-3 fusion-flex-container nonhundred-percent-fullwidth non-hundred-percent-height-scrolling\" style=\"--awb-border-radius-top-left:0px;--awb-border-radius-top-right:0px;--awb-border-radius-bottom-right:0px;--awb-border-radius-bottom-left:0px;--awb-padding-top:50px;--awb-padding-bottom:50px;--awb-flex-wrap:wrap;\" ><div class=\"fusion-builder-row fusion-row fusion-flex-align-items-flex-start fusion-flex-content-wrap\" style=\"max-width:1352px;margin-left: calc(-4% \/ 2 );margin-right: calc(-4% \/ 2 );\"><div class=\"fusion-layout-column fusion_builder_column fusion-builder-column-2 fusion_builder_column_1_1 1_1 fusion-flex-column\" style=\"--awb-bg-size:cover;--awb-width-large:100%;--awb-margin-top-large:0px;--awb-spacing-right-large:1.92%;--awb-margin-bottom-large:20px;--awb-spacing-left-large:1.92%;--awb-width-medium:100%;--awb-order-medium:0;--awb-spacing-right-medium:1.92%;--awb-spacing-left-medium:1.92%;--awb-width-small:100%;--awb-order-small:0;--awb-spacing-right-small:1.92%;--awb-spacing-left-small:1.92%;\"><div class=\"fusion-column-wrapper fusion-column-has-shadow fusion-flex-justify-content-flex-start fusion-content-layout-column\"><div class=\"fusion-title title fusion-title-2 fusion-sep-none fusion-title-text fusion-title-size-four\"><h4 class=\"fusion-title-heading title-heading-left sm-text-align-center\" style=\"margin:0;\">Plage du Lido di Orr\u00ec &#8211; La perle de Tortol\u00ec<\/h4><\/div><div class=\"fusion-text fusion-text-2 sm-text-align-center\" style=\"--awb-text-transform:none;\"><p>La plage de Lido di Orr\u00ec est l&rsquo;une des plus caract\u00e9ristiques de la c\u00f4te Est sarde, consid\u00e9r\u00e9e parmi les plus belles, elle s&rsquo;\u00e9tend sur environ 16 km entrecoup\u00e9es de petites criques et de falaises de granit qui m\u00e8nent \u00e0 de belles plages de sable fin, doux et dor\u00e9, les fonds marins bas sur les premi\u00e8res centaines de m\u00e8tres en font une plage id\u00e9ale pour les enfants et les nageurs moins exp\u00e9riment\u00e9s. Carte de visite par excellence de Tortol\u00ec, dont il se trouve \u00e0 4 km et 6 km du port d&rsquo;Arbatax, Lido di Orr\u00ec vous envo\u00fbtera par les couleurs changeantes de ses eaux allant du vert \u00e9meraude au turquoise et vous \u00e9merveillera par la grande vari\u00e9t\u00e9 d&rsquo;environnements Marin.<\/p>\n<\/div><\/div><\/div><\/div><\/div><div class=\"fusion-fullwidth fullwidth-box fusion-builder-row-4 fusion-flex-container nonhundred-percent-fullwidth non-hundred-percent-height-scrolling\" style=\"--awb-border-radius-top-left:0px;--awb-border-radius-top-right:0px;--awb-border-radius-bottom-right:0px;--awb-border-radius-bottom-left:0px;--awb-flex-wrap:wrap;\" ><div class=\"fusion-builder-row fusion-row fusion-flex-align-items-flex-start fusion-flex-content-wrap\" style=\"max-width:1352px;margin-left: calc(-4% \/ 2 );margin-right: calc(-4% \/ 2 );\"><div class=\"fusion-layout-column fusion_builder_column fusion-builder-column-3 fusion_builder_column_1_1 1_1 fusion-flex-column\" style=\"--awb-bg-size:cover;--awb-width-large:100%;--awb-margin-top-large:0px;--awb-spacing-right-large:1.92%;--awb-margin-bottom-large:20px;--awb-spacing-left-large:1.92%;--awb-width-medium:100%;--awb-order-medium:0;--awb-spacing-right-medium:1.92%;--awb-spacing-left-medium:1.92%;--awb-width-small:100%;--awb-order-small:0;--awb-spacing-right-small:1.92%;--awb-spacing-left-small:1.92%;\"><div class=\"fusion-column-wrapper fusion-column-has-shadow fusion-flex-justify-content-flex-start fusion-content-layout-column\"><div class=\"awb-gallery-wrapper awb-gallery-wrapper-1 button-span-no\"><div style=\"margin:-5px;--awb-aspect-ratio:1 \/ 1;--awb-bordersize:0px;\" class=\"fusion-gallery fusion-gallery-container fusion-grid-3 fusion-columns-total-9 fusion-gallery-layout-grid fusion-gallery-1 has-aspect-ratio\"><div style=\"padding:5px;\" class=\"fusion-grid-column fusion-gallery-column fusion-gallery-column-3 hover-type-none\"><div class=\"fusion-gallery-image\"><a href=\"https:\/\/campingcignobianco.it\/wp-content\/uploads\/2022\/10\/spiaggia-lido-di-orri.jpg\" rel=\"noreferrer\" data-rel=\"iLightbox[gallery_image_1]\" class=\"fusion-lightbox\" target=\"_self\"><img decoding=\"async\" src=\"https:\/\/campingcignobianco.it\/wp-content\/uploads\/2022\/10\/spiaggia-lido-di-orri.jpg\" width=\"905\" height=\"600\" alt=\"\" title=\"spiaggia-lido-di-orri\" aria-label=\"spiaggia-lido-di-orri\" class=\"img-responsive wp-image-3475\" srcset=\"https:\/\/campingcignobianco.it\/wp-content\/uploads\/2022\/10\/spiaggia-lido-di-orri-200x133.jpg 200w, https:\/\/campingcignobianco.it\/wp-content\/uploads\/2022\/10\/spiaggia-lido-di-orri-400x265.jpg 400w, https:\/\/campingcignobianco.it\/wp-content\/uploads\/2022\/10\/spiaggia-lido-di-orri-600x398.jpg 600w, https:\/\/campingcignobianco.it\/wp-content\/uploads\/2022\/10\/spiaggia-lido-di-orri-800x530.jpg 800w, https:\/\/campingcignobianco.it\/wp-content\/uploads\/2022\/10\/spiaggia-lido-di-orri.jpg 905w\" sizes=\"(min-width: 2200px) 100vw, (min-width: 784px) 430px, (min-width: 712px) 645px, (min-width: 640px) 712px, \" \/><\/a><\/div><\/div><div style=\"padding:5px;\" class=\"fusion-grid-column fusion-gallery-column fusion-gallery-column-3 hover-type-none\"><div class=\"fusion-gallery-image\"><a href=\"https:\/\/campingcignobianco.it\/wp-content\/uploads\/2022\/02\/Territorio11.jpg\" rel=\"noreferrer\" data-rel=\"iLightbox[gallery_image_1]\" class=\"fusion-lightbox\" target=\"_self\"><img decoding=\"async\" src=\"https:\/\/campingcignobianco.it\/wp-content\/uploads\/2022\/02\/Territorio11.jpg\" width=\"720\" height=\"480\" alt=\"\" title=\"Territorio11\" aria-label=\"Territorio11\" class=\"img-responsive wp-image-952\" srcset=\"https:\/\/campingcignobianco.it\/wp-content\/uploads\/2022\/02\/Territorio11-200x133.jpg 200w, https:\/\/campingcignobianco.it\/wp-content\/uploads\/2022\/02\/Territorio11-400x267.jpg 400w, https:\/\/campingcignobianco.it\/wp-content\/uploads\/2022\/02\/Territorio11-600x400.jpg 600w, https:\/\/campingcignobianco.it\/wp-content\/uploads\/2022\/02\/Territorio11.jpg 720w\" sizes=\"(min-width: 2200px) 100vw, (min-width: 784px) 430px, (min-width: 712px) 645px, (min-width: 640px) 712px, \" \/><\/a><\/div><\/div><div style=\"padding:5px;\" class=\"fusion-grid-column fusion-gallery-column fusion-gallery-column-3 hover-type-none\"><div class=\"fusion-gallery-image\"><a href=\"https:\/\/campingcignobianco.it\/wp-content\/uploads\/2022\/02\/Mare-2.jpg\" rel=\"noreferrer\" data-rel=\"iLightbox[gallery_image_1]\" class=\"fusion-lightbox\" target=\"_self\"><img decoding=\"async\" src=\"https:\/\/campingcignobianco.it\/wp-content\/uploads\/2022\/02\/Mare-2.jpg\" width=\"720\" height=\"480\" alt=\"\" title=\"Mare 2\" aria-label=\"Mare 2\" class=\"img-responsive wp-image-652\" srcset=\"https:\/\/campingcignobianco.it\/wp-content\/uploads\/2022\/02\/Mare-2-200x133.jpg 200w, https:\/\/campingcignobianco.it\/wp-content\/uploads\/2022\/02\/Mare-2-400x267.jpg 400w, https:\/\/campingcignobianco.it\/wp-content\/uploads\/2022\/02\/Mare-2-600x400.jpg 600w, https:\/\/campingcignobianco.it\/wp-content\/uploads\/2022\/02\/Mare-2.jpg 720w\" sizes=\"(min-width: 2200px) 100vw, (min-width: 784px) 430px, (min-width: 712px) 645px, (min-width: 640px) 712px, \" \/><\/a><\/div><\/div><div class=\"clearfix\"><\/div><div style=\"padding:5px;\" class=\"fusion-grid-column fusion-gallery-column fusion-gallery-column-3 hover-type-none\"><div class=\"fusion-gallery-image\"><a href=\"https:\/\/campingcignobianco.it\/wp-content\/uploads\/2022\/02\/Mare-21.jpg\" rel=\"noreferrer\" data-rel=\"iLightbox[gallery_image_1]\" class=\"fusion-lightbox\" target=\"_self\"><img decoding=\"async\" src=\"https:\/\/campingcignobianco.it\/wp-content\/uploads\/2022\/02\/Mare-21.jpg\" width=\"720\" height=\"480\" alt=\"\" title=\"Mare 21\" aria-label=\"Mare 21\" class=\"img-responsive wp-image-747\" srcset=\"https:\/\/campingcignobianco.it\/wp-content\/uploads\/2022\/02\/Mare-21-200x133.jpg 200w, https:\/\/campingcignobianco.it\/wp-content\/uploads\/2022\/02\/Mare-21-400x267.jpg 400w, https:\/\/campingcignobianco.it\/wp-content\/uploads\/2022\/02\/Mare-21-600x400.jpg 600w, https:\/\/campingcignobianco.it\/wp-content\/uploads\/2022\/02\/Mare-21.jpg 720w\" sizes=\"(min-width: 2200px) 100vw, (min-width: 784px) 430px, (min-width: 712px) 645px, (min-width: 640px) 712px, \" \/><\/a><\/div><\/div><div style=\"padding:5px;\" class=\"fusion-grid-column fusion-gallery-column fusion-gallery-column-3 hover-type-none\"><div class=\"fusion-gallery-image\"><a href=\"https:\/\/campingcignobianco.it\/wp-content\/uploads\/2022\/02\/Header.jpg\" rel=\"noreferrer\" data-rel=\"iLightbox[gallery_image_1]\" class=\"fusion-lightbox\" target=\"_self\"><img decoding=\"async\" src=\"https:\/\/campingcignobianco.it\/wp-content\/uploads\/2022\/02\/Header.jpg\" width=\"1240\" height=\"500\" alt=\"\" title=\"Header\" aria-label=\"Header\" class=\"img-responsive wp-image-289\" srcset=\"https:\/\/campingcignobianco.it\/wp-content\/uploads\/2022\/02\/Header-200x81.jpg 200w, https:\/\/campingcignobianco.it\/wp-content\/uploads\/2022\/02\/Header-400x161.jpg 400w, https:\/\/campingcignobianco.it\/wp-content\/uploads\/2022\/02\/Header-600x242.jpg 600w, https:\/\/campingcignobianco.it\/wp-content\/uploads\/2022\/02\/Header-800x323.jpg 800w, https:\/\/campingcignobianco.it\/wp-content\/uploads\/2022\/02\/Header-1200x484.jpg 1200w, https:\/\/campingcignobianco.it\/wp-content\/uploads\/2022\/02\/Header.jpg 1240w\" sizes=\"(min-width: 2200px) 100vw, (min-width: 784px) 430px, (min-width: 712px) 645px, (min-width: 640px) 712px, \" \/><\/a><\/div><\/div><div style=\"padding:5px;\" class=\"fusion-grid-column fusion-gallery-column fusion-gallery-column-3 hover-type-none\"><div class=\"fusion-gallery-image\"><a href=\"https:\/\/campingcignobianco.it\/wp-content\/uploads\/2022\/09\/2012-09-01-243-Copia-scaled.jpg\" rel=\"noreferrer\" data-rel=\"iLightbox[gallery_image_1]\" class=\"fusion-lightbox\" target=\"_self\"><img decoding=\"async\" src=\"https:\/\/campingcignobianco.it\/wp-content\/uploads\/2022\/09\/2012-09-01-243-Copia-scaled.jpg\" width=\"2560\" height=\"1427\" alt=\"\" title=\"2012-09-01-243 &#8211; Copia\" aria-label=\"2012-09-01-243 &#8211; Copia\" class=\"img-responsive wp-image-3345\" srcset=\"https:\/\/campingcignobianco.it\/wp-content\/uploads\/2022\/09\/2012-09-01-243-Copia-200x111.jpg 200w, https:\/\/campingcignobianco.it\/wp-content\/uploads\/2022\/09\/2012-09-01-243-Copia-400x223.jpg 400w, https:\/\/campingcignobianco.it\/wp-content\/uploads\/2022\/09\/2012-09-01-243-Copia-600x334.jpg 600w, https:\/\/campingcignobianco.it\/wp-content\/uploads\/2022\/09\/2012-09-01-243-Copia-800x446.jpg 800w, https:\/\/campingcignobianco.it\/wp-content\/uploads\/2022\/09\/2012-09-01-243-Copia-1200x669.jpg 1200w, https:\/\/campingcignobianco.it\/wp-content\/uploads\/2022\/09\/2012-09-01-243-Copia-scaled.jpg 2560w\" sizes=\"(min-width: 2200px) 100vw, (min-width: 784px) 430px, (min-width: 712px) 645px, (min-width: 640px) 712px, \" \/><\/a><\/div><\/div><div class=\"clearfix\"><\/div><div style=\"padding:5px;\" class=\"fusion-grid-column fusion-gallery-column fusion-gallery-column-3 hover-type-none\"><div class=\"fusion-gallery-image\"><a href=\"https:\/\/campingcignobianco.it\/wp-content\/uploads\/2022\/02\/Slider5.jpg\" rel=\"noreferrer\" data-rel=\"iLightbox[gallery_image_1]\" class=\"fusion-lightbox\" target=\"_self\"><img decoding=\"async\" src=\"https:\/\/campingcignobianco.it\/wp-content\/uploads\/2022\/02\/Slider5.jpg\" width=\"2000\" height=\"1320\" alt=\"\" title=\"Slider5\" aria-label=\"Slider5\" class=\"img-responsive wp-image-126\" srcset=\"https:\/\/campingcignobianco.it\/wp-content\/uploads\/2022\/02\/Slider5-200x132.jpg 200w, https:\/\/campingcignobianco.it\/wp-content\/uploads\/2022\/02\/Slider5-400x264.jpg 400w, https:\/\/campingcignobianco.it\/wp-content\/uploads\/2022\/02\/Slider5-600x396.jpg 600w, https:\/\/campingcignobianco.it\/wp-content\/uploads\/2022\/02\/Slider5-800x528.jpg 800w, https:\/\/campingcignobianco.it\/wp-content\/uploads\/2022\/02\/Slider5-1200x792.jpg 1200w, https:\/\/campingcignobianco.it\/wp-content\/uploads\/2022\/02\/Slider5.jpg 2000w\" sizes=\"(min-width: 2200px) 100vw, (min-width: 784px) 430px, (min-width: 712px) 645px, (min-width: 640px) 712px, \" \/><\/a><\/div><\/div><div style=\"padding:5px;\" class=\"fusion-grid-column fusion-gallery-column fusion-gallery-column-3 hover-type-none\"><div class=\"fusion-gallery-image\"><a href=\"https:\/\/campingcignobianco.it\/wp-content\/uploads\/2022\/02\/Territorio1.jpg\" rel=\"noreferrer\" data-rel=\"iLightbox[gallery_image_1]\" class=\"fusion-lightbox\" target=\"_self\"><img decoding=\"async\" src=\"https:\/\/campingcignobianco.it\/wp-content\/uploads\/2022\/02\/Territorio1.jpg\" width=\"720\" height=\"480\" alt=\"\" title=\"Territorio1\" aria-label=\"Territorio1\" class=\"img-responsive wp-image-902\" srcset=\"https:\/\/campingcignobianco.it\/wp-content\/uploads\/2022\/02\/Territorio1-200x133.jpg 200w, https:\/\/campingcignobianco.it\/wp-content\/uploads\/2022\/02\/Territorio1-400x267.jpg 400w, https:\/\/campingcignobianco.it\/wp-content\/uploads\/2022\/02\/Territorio1-600x400.jpg 600w, https:\/\/campingcignobianco.it\/wp-content\/uploads\/2022\/02\/Territorio1.jpg 720w\" sizes=\"(min-width: 2200px) 100vw, (min-width: 784px) 430px, (min-width: 712px) 645px, (min-width: 640px) 712px, \" \/><\/a><\/div><\/div><div style=\"padding:5px;\" class=\"fusion-grid-column fusion-gallery-column fusion-gallery-column-3 hover-type-none\"><div class=\"fusion-gallery-image\"><a href=\"https:\/\/campingcignobianco.it\/wp-content\/uploads\/2022\/02\/Spiaggia-lido-di-Orri.jpg\" rel=\"noreferrer\" data-rel=\"iLightbox[gallery_image_1]\" class=\"fusion-lightbox\" target=\"_self\"><img decoding=\"async\" src=\"https:\/\/campingcignobianco.it\/wp-content\/uploads\/2022\/02\/Spiaggia-lido-di-Orri.jpg\" width=\"2560\" height=\"1920\" alt=\"\" title=\"Spiaggia lido di Orr\u00ec\" aria-label=\"Spiaggia lido di Orr\u00ec\" class=\"img-responsive wp-image-307\" srcset=\"https:\/\/campingcignobianco.it\/wp-content\/uploads\/2022\/02\/Spiaggia-lido-di-Orri-200x150.jpg 200w, https:\/\/campingcignobianco.it\/wp-content\/uploads\/2022\/02\/Spiaggia-lido-di-Orri-400x300.jpg 400w, https:\/\/campingcignobianco.it\/wp-content\/uploads\/2022\/02\/Spiaggia-lido-di-Orri-600x450.jpg 600w, https:\/\/campingcignobianco.it\/wp-content\/uploads\/2022\/02\/Spiaggia-lido-di-Orri-800x600.jpg 800w, https:\/\/campingcignobianco.it\/wp-content\/uploads\/2022\/02\/Spiaggia-lido-di-Orri-1200x900.jpg 1200w, https:\/\/campingcignobianco.it\/wp-content\/uploads\/2022\/02\/Spiaggia-lido-di-Orri.jpg 2560w\" sizes=\"(min-width: 2200px) 100vw, (min-width: 784px) 430px, (min-width: 712px) 645px, (min-width: 640px) 712px, \" \/><\/a><\/div><\/div><div class=\"clearfix\"><\/div><\/div><\/div><\/div><\/div><\/div><\/div><\/p>\n","protected":false},"excerpt":{"rendered":"","protected":false},"author":1,"featured_media":0,"parent":0,"menu_order":0,"comment_status":"closed","ping_status":"closed","template":"100-width.php","meta":{"footnotes":""},"acf":[],"_links":{"self":[{"href":"https:\/\/campingcignobianco.it\/fr\/wp-json\/wp\/v2\/pages\/2259"}],"collection":[{"href":"https:\/\/campingcignobianco.it\/fr\/wp-json\/wp\/v2\/pages"}],"about":[{"href":"https:\/\/campingcignobianco.it\/fr\/wp-json\/wp\/v2\/types\/page"}],"author":[{"embeddable":true,"href":"https:\/\/campingcignobianco.it\/fr\/wp-json\/wp\/v2\/users\/1"}],"replies":[{"embeddable":true,"href":"https:\/\/campingcignobianco.it\/fr\/wp-json\/wp\/v2\/comments?post=2259"}],"version-history":[{"count":13,"href":"https:\/\/campingcignobianco.it\/fr\/wp-json\/wp\/v2\/pages\/2259\/revisions"}],"predecessor-version":[{"id":4924,"href":"https:\/\/campingcignobianco.it\/fr\/wp-json\/wp\/v2\/pages\/2259\/revisions\/4924"}],"wp:attachment":[{"href":"https:\/\/campingcignobianco.it\/fr\/wp-json\/wp\/v2\/media?parent=2259"}],"curies":[{"name":"wp","href":"https:\/\/api.w.org\/{rel}","templated":true}]}}