{"id":3014,"date":"2022-05-10T15:24:31","date_gmt":"2022-05-10T13:24:31","guid":{"rendered":"https:\/\/campingcignobianco.it\/arbatax\/"},"modified":"2023-07-06T12:56:56","modified_gmt":"2023-07-06T10:56:56","slug":"canyon-gorropu","status":"publish","type":"page","link":"https:\/\/campingcignobianco.it\/fr\/canyon-gorropu\/","title":{"rendered":"Canyon Gorropu"},"content":{"rendered":"<p><div class=\"fusion-fullwidth fullwidth-box fusion-builder-row-1 fusion-flex-container fusion-parallax-none hundred-percent-fullwidth non-hundred-percent-height-scrolling\" style=\"--awb-border-radius-top-left:0px;--awb-border-radius-top-right:0px;--awb-border-radius-bottom-right:0px;--awb-border-radius-bottom-left:0px;--awb-padding-top:200px;--awb-padding-bottom:200px;--awb-background-image:url(&quot;https:\/\/campingcignobianco.it\/wp-content\/uploads\/2022\/10\/eyJidWNrZXQiOiJhc3NldHMuYWxsdHJhaWxzLmNvbSIsImtleSI6InVwbG9hZHMvcGhvdG8vaW1hZ2UvMjM5MjY4NTAvYmNlYTg5NzEyMGFjNTk5M2JlODJiNDk4ZTQ2NWUwMTQuanBnIiwiZWRpdHMiOnsidG9Gb3JtYXQiOiJqcGVnIiwicmVzaX.jpe&quot;);--awb-background-size:cover;--awb-flex-wrap:wrap;\" ><div class=\"fusion-builder-row fusion-row fusion-flex-align-items-center fusion-flex-content-wrap\" style=\"width:104% !important;max-width:104% !important;margin-left: calc(-4% \/ 2 );margin-right: calc(-4% \/ 2 );\"><div class=\"fusion-layout-column fusion_builder_column fusion-builder-column-0 fusion_builder_column_1_1 1_1 fusion-flex-column\" style=\"--awb-bg-size:cover;--awb-width-large:100%;--awb-margin-top-large:0px;--awb-spacing-right-large:1.92%;--awb-margin-bottom-large:20px;--awb-spacing-left-large:1.92%;--awb-width-medium:100%;--awb-order-medium:0;--awb-spacing-right-medium:1.92%;--awb-spacing-left-medium:1.92%;--awb-width-small:100%;--awb-order-small:0;--awb-spacing-right-small:1.92%;--awb-spacing-left-small:1.92%;\"><div class=\"fusion-column-wrapper fusion-column-has-shadow fusion-flex-justify-content-flex-start fusion-content-layout-column\"><div class=\"fusion-title title fusion-title-1 fusion-sep-none fusion-title-center fusion-title-text fusion-title-size-one\" style=\"--awb-text-color:var(--awb-color1);\"><h1 class=\"fusion-title-heading title-heading-center\" style=\"margin:0;\">Le canyon le plus profond d&rsquo;Europe<\/h1><\/div><\/div><\/div><\/div><\/div><div class=\"fusion-fullwidth fullwidth-box fusion-builder-row-2 fusion-flex-container hundred-percent-fullwidth non-hundred-percent-height-scrolling\" style=\"--awb-border-radius-top-left:0px;--awb-border-radius-top-right:0px;--awb-border-radius-bottom-right:0px;--awb-border-radius-bottom-left:0px;--awb-margin-top:50px;--awb-flex-wrap:wrap;\" ><div class=\"fusion-builder-row fusion-row fusion-flex-align-items-flex-start fusion-flex-content-wrap\" style=\"width:104% !important;max-width:104% !important;margin-left: calc(-4% \/ 2 );margin-right: calc(-4% \/ 2 );\"><div class=\"fusion-layout-column fusion_builder_column fusion-builder-column-1 fusion_builder_column_1_1 1_1 fusion-flex-column\" style=\"--awb-bg-size:cover;--awb-width-large:100%;--awb-margin-top-large:0px;--awb-spacing-right-large:1.92%;--awb-margin-bottom-large:20px;--awb-spacing-left-large:1.92%;--awb-width-medium:100%;--awb-order-medium:0;--awb-spacing-right-medium:1.92%;--awb-spacing-left-medium:1.92%;--awb-width-small:100%;--awb-order-small:0;--awb-spacing-right-small:1.92%;--awb-spacing-left-small:1.92%;\"><div class=\"fusion-column-wrapper fusion-column-has-shadow fusion-flex-justify-content-flex-start fusion-content-layout-column\"><div class=\"fusion-text fusion-text-1\" style=\"--awb-text-transform:none;\"><p><a href=\"https:\/\/campingcignobianco.it\/fr\/excursions\/\">\u2190 Retour aux excursions<\/a><\/p>\n<\/div><\/div><\/div><\/div><\/div><div class=\"fusion-fullwidth fullwidth-box fusion-builder-row-3 fusion-flex-container nonhundred-percent-fullwidth non-hundred-percent-height-scrolling\" style=\"--awb-border-radius-top-left:0px;--awb-border-radius-top-right:0px;--awb-border-radius-bottom-right:0px;--awb-border-radius-bottom-left:0px;--awb-padding-top:50px;--awb-padding-bottom:50px;--awb-flex-wrap:wrap;\" ><div class=\"fusion-builder-row fusion-row fusion-flex-align-items-flex-start fusion-flex-content-wrap\" style=\"max-width:1352px;margin-left: calc(-4% \/ 2 );margin-right: calc(-4% \/ 2 );\"><div class=\"fusion-layout-column fusion_builder_column fusion-builder-column-2 fusion_builder_column_1_1 1_1 fusion-flex-column\" style=\"--awb-bg-size:cover;--awb-width-large:100%;--awb-margin-top-large:0px;--awb-spacing-right-large:1.92%;--awb-margin-bottom-large:20px;--awb-spacing-left-large:1.92%;--awb-width-medium:100%;--awb-order-medium:0;--awb-spacing-right-medium:1.92%;--awb-spacing-left-medium:1.92%;--awb-width-small:100%;--awb-order-small:0;--awb-spacing-right-small:1.92%;--awb-spacing-left-small:1.92%;\"><div class=\"fusion-column-wrapper fusion-column-has-shadow fusion-flex-justify-content-flex-start fusion-content-layout-column\"><div class=\"fusion-title title fusion-title-2 fusion-sep-none fusion-title-text fusion-title-size-four\"><h4 class=\"fusion-title-heading title-heading-left sm-text-align-center\" style=\"margin:0;\">Gorropu<\/h4><\/div><div class=\"fusion-text fusion-text-2 sm-text-align-center\" style=\"--awb-text-transform:none;\"><p>Au coeur du Supramonte se trouve un lieu unique en Europe.Venez vivre une aventure entre murs en surplomb, bois s\u00e9culaires, plantes et faune end\u00e9miques, vous ne le regretterez pas.<\/p>\n<p>Ci-dessous quelques photos du Canyon de Gorropu.<\/p>\n<p>Si vous \u00eates int\u00e9ress\u00e9 \u00e0 visiter le Canyon de Gorropu, vous pouvez jeter un oeil sur le site suivant: <a href=\"https:\/\/gorropu.info\" target=\"_blank\" rel=\"nofollow noopener\">gorropu.info<\/a><\/p>\n<\/div><div class=\"fusion-text fusion-text-3 sm-text-align-center\" style=\"--awb-font-size:12px;\"><p>Le lien suivant est uniquement une proposition, la page de r\u00e9f\u00e9rence appartient \u00e0 une autre soci\u00e9t\u00e9 car elle n&rsquo;a aucun lien direct avec notre camping.<\/p>\n<\/div><div class=\"awb-gallery-wrapper awb-gallery-wrapper-1 button-span-no\"><div style=\"margin:-5px;--awb-aspect-ratio:1 \/ 1;--awb-bordersize:0px;\" class=\"fusion-gallery fusion-gallery-container fusion-grid-3 fusion-columns-total-9 fusion-gallery-layout-grid fusion-gallery-1 has-aspect-ratio\"><div style=\"padding:5px;\" class=\"fusion-grid-column fusion-gallery-column fusion-gallery-column-3 hover-type-none\"><div class=\"fusion-gallery-image\"><a href=\"https:\/\/campingcignobianco.it\/wp-content\/uploads\/2022\/10\/images-11.jpe\" rel=\"noreferrer\" data-rel=\"iLightbox[gallery_image_1]\" class=\"fusion-lightbox\" target=\"_self\"><img decoding=\"async\" src=\"https:\/\/campingcignobianco.it\/wp-content\/uploads\/2022\/10\/images-11.jpe\" width=\"194\" height=\"259\" alt=\"\" title=\"images (11)\" aria-label=\"images (11)\" class=\"img-responsive wp-image-3744\"  \/><\/a><\/div><\/div><div style=\"padding:5px;\" class=\"fusion-grid-column fusion-gallery-column fusion-gallery-column-3 hover-type-none\"><div class=\"fusion-gallery-image\"><a href=\"https:\/\/campingcignobianco.it\/wp-content\/uploads\/2022\/10\/images-10.jpe\" rel=\"noreferrer\" data-rel=\"iLightbox[gallery_image_1]\" class=\"fusion-lightbox\" target=\"_self\"><img decoding=\"async\" src=\"https:\/\/campingcignobianco.it\/wp-content\/uploads\/2022\/10\/images-10.jpe\" width=\"259\" height=\"194\" alt=\"\" title=\"images (10)\" aria-label=\"images (10)\" class=\"img-responsive wp-image-3749\" srcset=\"https:\/\/campingcignobianco.it\/wp-content\/uploads\/2022\/10\/images-10-200x150.jpe 200w, https:\/\/campingcignobianco.it\/wp-content\/uploads\/2022\/10\/images-10.jpe 259w\" sizes=\"(min-width: 2200px) 100vw, (min-width: 784px) 430px, (min-width: 712px) 645px, (min-width: 640px) 712px, \" \/><\/a><\/div><\/div><div style=\"padding:5px;\" class=\"fusion-grid-column fusion-gallery-column fusion-gallery-column-3 hover-type-none\"><div class=\"fusion-gallery-image\"><a href=\"https:\/\/campingcignobianco.it\/wp-content\/uploads\/2022\/10\/images-8.jpe\" rel=\"noreferrer\" data-rel=\"iLightbox[gallery_image_1]\" class=\"fusion-lightbox\" target=\"_self\"><img decoding=\"async\" src=\"https:\/\/campingcignobianco.it\/wp-content\/uploads\/2022\/10\/images-8.jpe\" width=\"183\" height=\"275\" alt=\"\" title=\"images (8)\" aria-label=\"images (8)\" class=\"img-responsive wp-image-3759\"  \/><\/a><\/div><\/div><div class=\"clearfix\"><\/div><div style=\"padding:5px;\" class=\"fusion-grid-column fusion-gallery-column fusion-gallery-column-3 hover-type-none\"><div class=\"fusion-gallery-image\"><a href=\"https:\/\/campingcignobianco.it\/wp-content\/uploads\/2022\/10\/download-7.jpe\" rel=\"noreferrer\" data-rel=\"iLightbox[gallery_image_1]\" class=\"fusion-lightbox\" target=\"_self\"><img decoding=\"async\" src=\"https:\/\/campingcignobianco.it\/wp-content\/uploads\/2022\/10\/download-7.jpe\" width=\"259\" height=\"194\" alt=\"\" title=\"download (7)\" aria-label=\"download (7)\" class=\"img-responsive wp-image-3764\" srcset=\"https:\/\/campingcignobianco.it\/wp-content\/uploads\/2022\/10\/download-7-200x150.jpe 200w, https:\/\/campingcignobianco.it\/wp-content\/uploads\/2022\/10\/download-7.jpe 259w\" sizes=\"(min-width: 2200px) 100vw, (min-width: 784px) 430px, (min-width: 712px) 645px, (min-width: 640px) 712px, \" \/><\/a><\/div><\/div><div style=\"padding:5px;\" class=\"fusion-grid-column fusion-gallery-column fusion-gallery-column-3 hover-type-none\"><div class=\"fusion-gallery-image\"><a href=\"https:\/\/campingcignobianco.it\/wp-content\/uploads\/2022\/10\/images-7.jpe\" rel=\"noreferrer\" data-rel=\"iLightbox[gallery_image_1]\" class=\"fusion-lightbox\" target=\"_self\"><img decoding=\"async\" src=\"https:\/\/campingcignobianco.it\/wp-content\/uploads\/2022\/10\/images-7.jpe\" width=\"259\" height=\"194\" alt=\"\" title=\"images (7)\" aria-label=\"images (7)\" class=\"img-responsive wp-image-3769\" srcset=\"https:\/\/campingcignobianco.it\/wp-content\/uploads\/2022\/10\/images-7-200x150.jpe 200w, https:\/\/campingcignobianco.it\/wp-content\/uploads\/2022\/10\/images-7.jpe 259w\" sizes=\"(min-width: 2200px) 100vw, (min-width: 784px) 430px, (min-width: 712px) 645px, (min-width: 640px) 712px, \" \/><\/a><\/div><\/div><div style=\"padding:5px;\" class=\"fusion-grid-column fusion-gallery-column fusion-gallery-column-3 hover-type-none\"><div class=\"fusion-gallery-image\"><a href=\"https:\/\/campingcignobianco.it\/wp-content\/uploads\/2022\/10\/images-6.jpe\" rel=\"noreferrer\" data-rel=\"iLightbox[gallery_image_1]\" class=\"fusion-lightbox\" target=\"_self\"><img decoding=\"async\" src=\"https:\/\/campingcignobianco.it\/wp-content\/uploads\/2022\/10\/images-6.jpe\" width=\"318\" height=\"159\" alt=\"\" title=\"images (6)\" aria-label=\"images (6)\" class=\"img-responsive wp-image-3774\" srcset=\"https:\/\/campingcignobianco.it\/wp-content\/uploads\/2022\/10\/images-6-200x100.jpe 200w, https:\/\/campingcignobianco.it\/wp-content\/uploads\/2022\/10\/images-6-300x150.jpe 300w, https:\/\/campingcignobianco.it\/wp-content\/uploads\/2022\/10\/images-6.jpe 318w\" sizes=\"(min-width: 2200px) 100vw, (min-width: 784px) 430px, (min-width: 712px) 645px, (min-width: 640px) 712px, \" \/><\/a><\/div><\/div><div class=\"clearfix\"><\/div><div style=\"padding:5px;\" class=\"fusion-grid-column fusion-gallery-column fusion-gallery-column-3 hover-type-none\"><div class=\"fusion-gallery-image\"><a href=\"https:\/\/campingcignobianco.it\/wp-content\/uploads\/2022\/10\/images-5.jpe\" rel=\"noreferrer\" data-rel=\"iLightbox[gallery_image_1]\" class=\"fusion-lightbox\" target=\"_self\"><img decoding=\"async\" src=\"https:\/\/campingcignobianco.it\/wp-content\/uploads\/2022\/10\/images-5.jpe\" width=\"224\" height=\"225\" alt=\"\" title=\"images (5)\" aria-label=\"images (5)\" class=\"img-responsive wp-image-3780\" srcset=\"https:\/\/campingcignobianco.it\/wp-content\/uploads\/2022\/10\/images-5-66x66.jpe 66w, https:\/\/campingcignobianco.it\/wp-content\/uploads\/2022\/10\/images-5-150x150.jpe 150w, https:\/\/campingcignobianco.it\/wp-content\/uploads\/2022\/10\/images-5-200x201.jpe 200w, https:\/\/campingcignobianco.it\/wp-content\/uploads\/2022\/10\/images-5.jpe 224w\" sizes=\"(min-width: 2200px) 100vw, (min-width: 784px) 430px, (min-width: 712px) 645px, (min-width: 640px) 712px, \" \/><\/a><\/div><\/div><div style=\"padding:5px;\" class=\"fusion-grid-column fusion-gallery-column fusion-gallery-column-3 hover-type-none\"><div class=\"fusion-gallery-image\"><a href=\"https:\/\/campingcignobianco.it\/wp-content\/uploads\/2022\/10\/images-12.jpe\" rel=\"noreferrer\" data-rel=\"iLightbox[gallery_image_1]\" class=\"fusion-lightbox\" target=\"_self\"><img decoding=\"async\" src=\"https:\/\/campingcignobianco.it\/wp-content\/uploads\/2022\/10\/images-12.jpe\" width=\"300\" height=\"168\" alt=\"\" title=\"images (12)\" aria-label=\"images (12)\" class=\"img-responsive wp-image-3796\" srcset=\"https:\/\/campingcignobianco.it\/wp-content\/uploads\/2022\/10\/images-12-200x112.jpe 200w, https:\/\/campingcignobianco.it\/wp-content\/uploads\/2022\/10\/images-12.jpe 300w\" sizes=\"(min-width: 2200px) 100vw, (min-width: 784px) 430px, (min-width: 712px) 645px, (min-width: 640px) 712px, \" \/><\/a><\/div><\/div><div style=\"padding:5px;\" class=\"fusion-grid-column fusion-gallery-column fusion-gallery-column-3 hover-type-none\"><div class=\"fusion-gallery-image\"><a href=\"https:\/\/campingcignobianco.it\/wp-content\/uploads\/2022\/10\/gorropu1.jpe\" rel=\"noreferrer\" data-rel=\"iLightbox[gallery_image_1]\" class=\"fusion-lightbox\" target=\"_self\"><img decoding=\"async\" src=\"https:\/\/campingcignobianco.it\/wp-content\/uploads\/2022\/10\/gorropu1.jpe\" width=\"274\" height=\"184\" alt=\"\" title=\"gorropu1\" aria-label=\"gorropu1\" class=\"img-responsive wp-image-3790\" srcset=\"https:\/\/campingcignobianco.it\/wp-content\/uploads\/2022\/10\/gorropu1-200x134.jpe 200w, https:\/\/campingcignobianco.it\/wp-content\/uploads\/2022\/10\/gorropu1.jpe 274w\" sizes=\"(min-width: 2200px) 100vw, (min-width: 784px) 430px, (min-width: 712px) 645px, (min-width: 640px) 712px, \" \/><\/a><\/div><\/div><div class=\"clearfix\"><\/div><\/div><\/div><\/div><\/div><\/div><\/div><\/p>\n","protected":false},"excerpt":{"rendered":"","protected":false},"author":1,"featured_media":0,"parent":0,"menu_order":0,"comment_status":"closed","ping_status":"closed","template":"100-width.php","meta":{"footnotes":""},"acf":[],"_links":{"self":[{"href":"https:\/\/campingcignobianco.it\/fr\/wp-json\/wp\/v2\/pages\/3014"}],"collection":[{"href":"https:\/\/campingcignobianco.it\/fr\/wp-json\/wp\/v2\/pages"}],"about":[{"href":"https:\/\/campingcignobianco.it\/fr\/wp-json\/wp\/v2\/types\/page"}],"author":[{"embeddable":true,"href":"https:\/\/campingcignobianco.it\/fr\/wp-json\/wp\/v2\/users\/1"}],"replies":[{"embeddable":true,"href":"https:\/\/campingcignobianco.it\/fr\/wp-json\/wp\/v2\/comments?post=3014"}],"version-history":[{"count":9,"href":"https:\/\/campingcignobianco.it\/fr\/wp-json\/wp\/v2\/pages\/3014\/revisions"}],"predecessor-version":[{"id":5768,"href":"https:\/\/campingcignobianco.it\/fr\/wp-json\/wp\/v2\/pages\/3014\/revisions\/5768"}],"wp:attachment":[{"href":"https:\/\/campingcignobianco.it\/fr\/wp-json\/wp\/v2\/media?parent=3014"}],"curies":[{"name":"wp","href":"https:\/\/api.w.org\/{rel}","templated":true}]}}