{"id":5104,"date":"2023-02-03T14:38:32","date_gmt":"2023-02-03T13:38:32","guid":{"rendered":"https:\/\/campingcignobianco.it\/?page_id=5104"},"modified":"2023-07-06T13:02:48","modified_gmt":"2023-07-06T11:02:48","slug":"sortali-e-su-monti","status":"publish","type":"page","link":"https:\/\/campingcignobianco.it\/fr\/sortali-e-su-monti\/","title":{"rendered":"S&rsquo;ortali e su monti"},"content":{"rendered":"<p><div class=\"fusion-fullwidth fullwidth-box fusion-builder-row-1 fusion-flex-container fusion-parallax-none hundred-percent-fullwidth non-hundred-percent-height-scrolling\" style=\"--awb-border-radius-top-left:0px;--awb-border-radius-top-right:0px;--awb-border-radius-bottom-right:0px;--awb-border-radius-bottom-left:0px;--awb-padding-top:200px;--awb-padding-bottom:200px;--awb-background-image:url(&quot;https:\/\/campingcignobianco.it\/wp-content\/uploads\/2023\/02\/tomba_di_giganti_2_-_sortali_e_su_monti_-_tortoli_-rinaldo_diana-scaled.jpg&quot;);--awb-background-size:cover;--awb-flex-wrap:wrap;\" ><div class=\"fusion-builder-row fusion-row fusion-flex-align-items-center fusion-flex-content-wrap\" style=\"width:104% !important;max-width:104% !important;margin-left: calc(-4% \/ 2 );margin-right: calc(-4% \/ 2 );\"><div class=\"fusion-layout-column fusion_builder_column fusion-builder-column-0 fusion_builder_column_1_1 1_1 fusion-flex-column\" style=\"--awb-bg-size:cover;--awb-width-large:100%;--awb-margin-top-large:0px;--awb-spacing-right-large:1.92%;--awb-margin-bottom-large:20px;--awb-spacing-left-large:1.92%;--awb-width-medium:100%;--awb-order-medium:0;--awb-spacing-right-medium:1.92%;--awb-spacing-left-medium:1.92%;--awb-width-small:100%;--awb-order-small:0;--awb-spacing-right-small:1.92%;--awb-spacing-left-small:1.92%;\"><div class=\"fusion-column-wrapper fusion-column-has-shadow fusion-flex-justify-content-flex-start fusion-content-layout-column\"><div class=\"fusion-title title fusion-title-1 fusion-sep-none fusion-title-center fusion-title-text fusion-title-size-one\" style=\"--awb-text-color:var(--awb-color1);\"><h1 class=\"fusion-title-heading title-heading-center\" style=\"margin:0;\">S&rsquo;Ortali e su Monti<\/h1><\/div><\/div><\/div><\/div><\/div><div class=\"fusion-fullwidth fullwidth-box fusion-builder-row-2 fusion-flex-container hundred-percent-fullwidth non-hundred-percent-height-scrolling\" style=\"--awb-border-radius-top-left:0px;--awb-border-radius-top-right:0px;--awb-border-radius-bottom-right:0px;--awb-border-radius-bottom-left:0px;--awb-margin-top:50px;--awb-flex-wrap:wrap;\" ><div class=\"fusion-builder-row fusion-row fusion-flex-align-items-flex-start fusion-flex-content-wrap\" style=\"width:104% !important;max-width:104% !important;margin-left: calc(-4% \/ 2 );margin-right: calc(-4% \/ 2 );\"><div class=\"fusion-layout-column fusion_builder_column fusion-builder-column-1 fusion_builder_column_1_1 1_1 fusion-flex-column\" style=\"--awb-bg-size:cover;--awb-width-large:100%;--awb-margin-top-large:0px;--awb-spacing-right-large:1.92%;--awb-margin-bottom-large:20px;--awb-spacing-left-large:1.92%;--awb-width-medium:100%;--awb-order-medium:0;--awb-spacing-right-medium:1.92%;--awb-spacing-left-medium:1.92%;--awb-width-small:100%;--awb-order-small:0;--awb-spacing-right-small:1.92%;--awb-spacing-left-small:1.92%;\"><div class=\"fusion-column-wrapper fusion-column-has-shadow fusion-flex-justify-content-flex-start fusion-content-layout-column\"><div class=\"fusion-text fusion-text-1\" style=\"--awb-text-transform:none;\"><p><a href=\"https:\/\/campingcignobianco.it\/fr\/excursions\/\">\u2190 Retour aux excursions<\/a><\/p>\n<\/div><\/div><\/div><\/div><\/div><div class=\"fusion-fullwidth fullwidth-box fusion-builder-row-3 fusion-flex-container nonhundred-percent-fullwidth non-hundred-percent-height-scrolling\" style=\"--awb-border-radius-top-left:0px;--awb-border-radius-top-right:0px;--awb-border-radius-bottom-right:0px;--awb-border-radius-bottom-left:0px;--awb-padding-top:50px;--awb-padding-bottom:50px;--awb-flex-wrap:wrap;\" ><div class=\"fusion-builder-row fusion-row fusion-flex-align-items-flex-start fusion-flex-content-wrap\" style=\"max-width:1352px;margin-left: calc(-4% \/ 2 );margin-right: calc(-4% \/ 2 );\"><div class=\"fusion-layout-column fusion_builder_column fusion-builder-column-2 fusion_builder_column_1_1 1_1 fusion-flex-column\" style=\"--awb-bg-size:cover;--awb-width-large:100%;--awb-margin-top-large:0px;--awb-spacing-right-large:1.92%;--awb-margin-bottom-large:20px;--awb-spacing-left-large:1.92%;--awb-width-medium:100%;--awb-order-medium:0;--awb-spacing-right-medium:1.92%;--awb-spacing-left-medium:1.92%;--awb-width-small:100%;--awb-order-small:0;--awb-spacing-right-small:1.92%;--awb-spacing-left-small:1.92%;\"><div class=\"fusion-column-wrapper fusion-column-has-shadow fusion-flex-justify-content-flex-start fusion-content-layout-column\"><div class=\"fusion-text fusion-text-2 sm-text-align-center\" style=\"--awb-text-transform:none;\"><p>\u00c0 l&rsquo;int\u00e9rieur du parc arch\u00e9ologique de S&rsquo;Ortali e su Monti, vous pourrez admirer diff\u00e9rents types de b\u00e2timents datant de la pr\u00e9histoire, notamment : un nuraghe, caract\u00e9ris\u00e9 par un plan approximativement elliptique construit avec des blocs de granit, actuellement de 5 m\u00e8tres et demi de haut, mais probablement partie d&rsquo;un complexe beaucoup plus grand; une Domus de janas, c&rsquo;est-\u00e0-dire une v\u00e9ritable excavation \u00e0 l&rsquo;int\u00e9rieur de la roche, destin\u00e9e \u00e0 un usage fun\u00e9raire ; 2 menhirs, appartenant probablement \u00e0 un cercle plus large, symbole du culte des morts ; et un tombeau des g\u00e9ants, une s\u00e9pulture nuragique typique.<\/p>\n<p>Si vous souhaitez visiter le site arch\u00e9ologique de S&rsquo;Ortali e su Monti, vous pouvez consulter le lien suivant: <a href=\"https:\/\/www.sardegnaturismo.it\/it\/esplora\/sortali-e-su-monti#\" target=\"_blank\" rel=\"nofollow noopener\">www.sardegnaturismo.it<\/a><\/p>\n<\/div><div class=\"fusion-text fusion-text-3\" style=\"--awb-font-size:11px;\"><p>Le lien suivant n&rsquo;est qu&rsquo;une suggestion, la page de r\u00e9f\u00e9rence appartient \u00e0 un tiers car elle n&rsquo;a aucun lien direct avec notre camping.<\/p>\n<\/div><\/div><\/div><\/div><\/div><div class=\"fusion-fullwidth fullwidth-box fusion-builder-row-4 fusion-flex-container nonhundred-percent-fullwidth non-hundred-percent-height-scrolling\" style=\"--awb-border-radius-top-left:0px;--awb-border-radius-top-right:0px;--awb-border-radius-bottom-right:0px;--awb-border-radius-bottom-left:0px;--awb-flex-wrap:wrap;\" ><div class=\"fusion-builder-row fusion-row fusion-flex-align-items-flex-start fusion-flex-content-wrap\" style=\"max-width:1352px;margin-left: calc(-4% \/ 2 );margin-right: calc(-4% \/ 2 );\"><div class=\"fusion-layout-column fusion_builder_column fusion-builder-column-3 fusion_builder_column_1_1 1_1 fusion-flex-column\" style=\"--awb-bg-size:cover;--awb-width-large:100%;--awb-margin-top-large:0px;--awb-spacing-right-large:1.92%;--awb-margin-bottom-large:20px;--awb-spacing-left-large:1.92%;--awb-width-medium:100%;--awb-order-medium:0;--awb-spacing-right-medium:1.92%;--awb-spacing-left-medium:1.92%;--awb-width-small:100%;--awb-order-small:0;--awb-spacing-right-small:1.92%;--awb-spacing-left-small:1.92%;\"><div class=\"fusion-column-wrapper fusion-column-has-shadow fusion-flex-justify-content-flex-start fusion-content-layout-column\"><div class=\"awb-gallery-wrapper awb-gallery-wrapper-1 button-span-no\"><div style=\"margin:-5px;--awb-aspect-ratio:1 \/ 1;--awb-bordersize:0px;\" class=\"fusion-gallery fusion-gallery-container fusion-grid-3 fusion-columns-total-3 fusion-gallery-layout-grid fusion-gallery-1 has-aspect-ratio\"><div style=\"padding:5px;\" class=\"fusion-grid-column fusion-gallery-column fusion-gallery-column-3 hover-type-none\"><div class=\"fusion-gallery-image\"><a href=\"https:\/\/campingcignobianco.it\/wp-content\/uploads\/2023\/02\/Tortoli-nuraghe-SOrtali-e-su-Monti-4-4-1024x768-1.jpg\" rel=\"noreferrer\" data-rel=\"iLightbox[gallery_image_1]\" class=\"fusion-lightbox\" target=\"_self\"><img decoding=\"async\" src=\"https:\/\/campingcignobianco.it\/wp-content\/uploads\/2023\/02\/Tortoli-nuraghe-SOrtali-e-su-Monti-4-4-1024x768-1.jpg\" width=\"1024\" height=\"768\" alt=\"\" title=\"Tortol\u00ec-nuraghe-SOrtali-e-su-Monti-4-4-1024&#215;768\" aria-label=\"Tortol\u00ec-nuraghe-SOrtali-e-su-Monti-4-4-1024&#215;768\" class=\"img-responsive wp-image-5093\" srcset=\"https:\/\/campingcignobianco.it\/wp-content\/uploads\/2023\/02\/Tortoli-nuraghe-SOrtali-e-su-Monti-4-4-1024x768-1-200x150.jpg 200w, https:\/\/campingcignobianco.it\/wp-content\/uploads\/2023\/02\/Tortoli-nuraghe-SOrtali-e-su-Monti-4-4-1024x768-1-400x300.jpg 400w, https:\/\/campingcignobianco.it\/wp-content\/uploads\/2023\/02\/Tortoli-nuraghe-SOrtali-e-su-Monti-4-4-1024x768-1-600x450.jpg 600w, https:\/\/campingcignobianco.it\/wp-content\/uploads\/2023\/02\/Tortoli-nuraghe-SOrtali-e-su-Monti-4-4-1024x768-1-800x600.jpg 800w, https:\/\/campingcignobianco.it\/wp-content\/uploads\/2023\/02\/Tortoli-nuraghe-SOrtali-e-su-Monti-4-4-1024x768-1.jpg 1024w\" sizes=\"(min-width: 2200px) 100vw, (min-width: 784px) 430px, (min-width: 712px) 645px, (min-width: 640px) 712px, \" \/><\/a><\/div><\/div><div style=\"padding:5px;\" class=\"fusion-grid-column fusion-gallery-column fusion-gallery-column-3 hover-type-none\"><div class=\"fusion-gallery-image\"><a href=\"https:\/\/campingcignobianco.it\/wp-content\/uploads\/2023\/02\/tortoli_tombe_sortali_e_su_monti_0.jpg\" rel=\"noreferrer\" data-rel=\"iLightbox[gallery_image_1]\" class=\"fusion-lightbox\" target=\"_self\"><img decoding=\"async\" src=\"https:\/\/campingcignobianco.it\/wp-content\/uploads\/2023\/02\/tortoli_tombe_sortali_e_su_monti_0.jpg\" width=\"1200\" height=\"710\" alt=\"\" title=\"tortoli_tombe_sortali_e_su_monti_0\" aria-label=\"tortoli_tombe_sortali_e_su_monti_0\" class=\"img-responsive wp-image-5088\" srcset=\"https:\/\/campingcignobianco.it\/wp-content\/uploads\/2023\/02\/tortoli_tombe_sortali_e_su_monti_0-200x118.jpg 200w, https:\/\/campingcignobianco.it\/wp-content\/uploads\/2023\/02\/tortoli_tombe_sortali_e_su_monti_0-400x237.jpg 400w, https:\/\/campingcignobianco.it\/wp-content\/uploads\/2023\/02\/tortoli_tombe_sortali_e_su_monti_0-600x355.jpg 600w, https:\/\/campingcignobianco.it\/wp-content\/uploads\/2023\/02\/tortoli_tombe_sortali_e_su_monti_0-800x473.jpg 800w, https:\/\/campingcignobianco.it\/wp-content\/uploads\/2023\/02\/tortoli_tombe_sortali_e_su_monti_0.jpg 1200w\" sizes=\"(min-width: 2200px) 100vw, (min-width: 784px) 430px, (min-width: 712px) 645px, (min-width: 640px) 712px, \" \/><\/a><\/div><\/div><div style=\"padding:5px;\" class=\"fusion-grid-column fusion-gallery-column fusion-gallery-column-3 hover-type-none\"><div class=\"fusion-gallery-image\"><a href=\"https:\/\/campingcignobianco.it\/wp-content\/uploads\/2023\/02\/tomba_di_giganti_2_-_sortali_e_su_monti_-_tortoli_-rinaldo_diana-scaled.jpg\" rel=\"noreferrer\" data-rel=\"iLightbox[gallery_image_1]\" class=\"fusion-lightbox\" target=\"_self\"><img decoding=\"async\" src=\"https:\/\/campingcignobianco.it\/wp-content\/uploads\/2023\/02\/tomba_di_giganti_2_-_sortali_e_su_monti_-_tortoli_-rinaldo_diana-scaled.jpg\" width=\"2560\" height=\"1208\" alt=\"\" title=\"tomba_di_giganti_2_-_sortali_e_su_monti_-_tortoli_-rinaldo_diana\" aria-label=\"tomba_di_giganti_2_-_sortali_e_su_monti_-_tortoli_-rinaldo_diana\" class=\"img-responsive wp-image-5083\" srcset=\"https:\/\/campingcignobianco.it\/wp-content\/uploads\/2023\/02\/tomba_di_giganti_2_-_sortali_e_su_monti_-_tortoli_-rinaldo_diana-200x94.jpg 200w, https:\/\/campingcignobianco.it\/wp-content\/uploads\/2023\/02\/tomba_di_giganti_2_-_sortali_e_su_monti_-_tortoli_-rinaldo_diana-400x189.jpg 400w, https:\/\/campingcignobianco.it\/wp-content\/uploads\/2023\/02\/tomba_di_giganti_2_-_sortali_e_su_monti_-_tortoli_-rinaldo_diana-600x283.jpg 600w, https:\/\/campingcignobianco.it\/wp-content\/uploads\/2023\/02\/tomba_di_giganti_2_-_sortali_e_su_monti_-_tortoli_-rinaldo_diana-800x377.jpg 800w, https:\/\/campingcignobianco.it\/wp-content\/uploads\/2023\/02\/tomba_di_giganti_2_-_sortali_e_su_monti_-_tortoli_-rinaldo_diana-1200x566.jpg 1200w, https:\/\/campingcignobianco.it\/wp-content\/uploads\/2023\/02\/tomba_di_giganti_2_-_sortali_e_su_monti_-_tortoli_-rinaldo_diana-scaled.jpg 2560w\" sizes=\"(min-width: 2200px) 100vw, (min-width: 784px) 430px, (min-width: 712px) 645px, (min-width: 640px) 712px, \" \/><\/a><\/div><\/div><div class=\"clearfix\"><\/div><\/div><\/div><\/div><\/div><\/div><\/div><\/p>\n","protected":false},"excerpt":{"rendered":"","protected":false},"author":2,"featured_media":0,"parent":0,"menu_order":0,"comment_status":"closed","ping_status":"closed","template":"100-width.php","meta":{"footnotes":""},"acf":[],"_links":{"self":[{"href":"https:\/\/campingcignobianco.it\/fr\/wp-json\/wp\/v2\/pages\/5104"}],"collection":[{"href":"https:\/\/campingcignobianco.it\/fr\/wp-json\/wp\/v2\/pages"}],"about":[{"href":"https:\/\/campingcignobianco.it\/fr\/wp-json\/wp\/v2\/types\/page"}],"author":[{"embeddable":true,"href":"https:\/\/campingcignobianco.it\/fr\/wp-json\/wp\/v2\/users\/2"}],"replies":[{"embeddable":true,"href":"https:\/\/campingcignobianco.it\/fr\/wp-json\/wp\/v2\/comments?post=5104"}],"version-history":[{"count":6,"href":"https:\/\/campingcignobianco.it\/fr\/wp-json\/wp\/v2\/pages\/5104\/revisions"}],"predecessor-version":[{"id":5773,"href":"https:\/\/campingcignobianco.it\/fr\/wp-json\/wp\/v2\/pages\/5104\/revisions\/5773"}],"wp:attachment":[{"href":"https:\/\/campingcignobianco.it\/fr\/wp-json\/wp\/v2\/media?parent=5104"}],"curies":[{"name":"wp","href":"https:\/\/api.w.org\/{rel}","templated":true}]}}